{"id":1068,"date":"2021-10-30T16:21:33","date_gmt":"2021-10-30T16:21:33","guid":{"rendered":"https:\/\/vernedreams.com\/?page_id=1068"},"modified":"2024-09-23T13:38:18","modified_gmt":"2024-09-23T12:38:18","slug":"experience","status":"publish","type":"page","link":"https:\/\/vernedreams.com\/es\/experience\/","title":{"rendered":"Experiencia"},"content":{"rendered":"<div data-elementor-type=\"wp-page\" data-elementor-id=\"1068\" class=\"elementor elementor-1068\" data-elementor-post-type=\"page\">\n\t\t\t\t\t\t<section class=\"elementor-section elementor-top-section elementor-element elementor-element-abaa6a4 elementor-section-full_width elementor-section-height-min-height elementor-section-height-default elementor-section-items-middle\" data-id=\"abaa6a4\" data-element_type=\"section\" data-settings=\"{&quot;background_background&quot;:&quot;classic&quot;}\">\n\t\t\t\t\t\t<div class=\"elementor-container elementor-column-gap-default\">\n\t\t\t\t\t<div class=\"elementor-column elementor-col-100 elementor-top-column elementor-element elementor-element-3950a50 elementor-invisible\" data-id=\"3950a50\" data-element_type=\"column\" data-settings=\"{&quot;animation&quot;:&quot;fadeIn&quot;}\">\n\t\t\t<div class=\"elementor-widget-wrap elementor-element-populated\">\n\t\t\t\t\t\t<div class=\"elementor-element elementor-element-0e3a762 elementor-widget elementor-widget-heading\" data-id=\"0e3a762\" data-element_type=\"widget\" data-widget_type=\"heading.default\">\n\t\t\t\t<div class=\"elementor-widget-container\">\n\t\t\t\t\t<h2 class=\"elementor-heading-title elementor-size-default\">Experiencia<\/h2>\t\t\t\t<\/div>\n\t\t\t\t<\/div>\n\t\t\t\t<div class=\"elementor-element elementor-element-8fdea32 elementor-widget elementor-widget-text-editor\" data-id=\"8fdea32\" data-element_type=\"widget\" data-widget_type=\"text-editor.default\">\n\t\t\t\t<div class=\"elementor-widget-container\">\n\t\t\t\t\t\t\t\t\t<p>No es el lugar que se queda contigo. Es tu sentimiento, que te toca hasta la fibra m\u00e1s profunda, lo que hace el recuerdo. Por eso Verne Dreams es un Bed &amp; Experience. Al igual que Julio Verne, nos gusta llevarte a la aventura. \u00bfA qu\u00e9 experiencia vas?<\/p>\t\t\t\t\t\t\t\t<\/div>\n\t\t\t\t<\/div>\n\t\t\t\t\t<\/div>\n\t\t<\/div>\n\t\t\t\t\t<\/div>\n\t\t<\/section>\n\t\t\t\t<section class=\"elementor-section elementor-top-section elementor-element elementor-element-7bf2a1e elementor-section-boxed elementor-section-height-default elementor-section-height-default\" data-id=\"7bf2a1e\" data-element_type=\"section\">\n\t\t\t\t\t\t<div class=\"elementor-container elementor-column-gap-wider\">\n\t\t\t\t\t<div class=\"elementor-column elementor-col-50 elementor-top-column elementor-element elementor-element-6cc8884 elementor-invisible\" data-id=\"6cc8884\" data-element_type=\"column\" data-settings=\"{&quot;animation&quot;:&quot;fadeInUp&quot;}\">\n\t\t\t<div class=\"elementor-widget-wrap elementor-element-populated\">\n\t\t\t\t\t\t<div class=\"elementor-element elementor-element-4b75ac2 elementor-widget elementor-widget-heading\" data-id=\"4b75ac2\" data-element_type=\"widget\" data-widget_type=\"heading.default\">\n\t\t\t\t<div class=\"elementor-widget-container\">\n\t\t\t\t\t<h3 class=\"elementor-heading-title elementor-size-default\">MATCHA \/ CEREMONIA DEL T\u00c9<\/h3>\t\t\t\t<\/div>\n\t\t\t\t<\/div>\n\t\t\t\t<div class=\"elementor-element elementor-element-5e86c4e elementor-widget elementor-widget-text-editor\" data-id=\"5e86c4e\" data-element_type=\"widget\" data-widget_type=\"text-editor.default\">\n\t\t\t\t<div class=\"elementor-widget-container\">\n\t\t\t\t\t\t\t\t\t<p>Aqu\u00ed en VerneDreams se sirve ritualmente Ippodo, una casa de t\u00e9 que fabrica matcha y cultiva t\u00e9 desde 1717.\u00a0<\/p>\t\t\t\t\t\t\t\t<\/div>\n\t\t\t\t<\/div>\n\t\t\t\t\t<\/div>\n\t\t<\/div>\n\t\t\t\t<div class=\"elementor-column elementor-col-50 elementor-top-column elementor-element elementor-element-05d7c8b elementor-invisible\" data-id=\"05d7c8b\" data-element_type=\"column\" data-settings=\"{&quot;animation&quot;:&quot;fadeInUp&quot;}\">\n\t\t\t<div class=\"elementor-widget-wrap elementor-element-populated\">\n\t\t\t\t\t\t<div class=\"elementor-element elementor-element-8717424 elementor-widget elementor-widget-heading\" data-id=\"8717424\" data-element_type=\"widget\" data-widget_type=\"heading.default\">\n\t\t\t\t<div class=\"elementor-widget-container\">\n\t\t\t\t\t<h3 class=\"elementor-heading-title elementor-size-default\">meditaci\u00f3n zen<\/h3>\t\t\t\t<\/div>\n\t\t\t\t<\/div>\n\t\t\t\t<div class=\"elementor-element elementor-element-149708b elementor-widget elementor-widget-text-editor\" data-id=\"149708b\" data-element_type=\"widget\" data-widget_type=\"text-editor.default\">\n\t\t\t\t<div class=\"elementor-widget-container\">\n\t\t\t\t\t\t\t\t\t<p>Previa petici\u00f3n, la casera Vincent est\u00e1 disponible para una sesi\u00f3n de meditaci\u00f3n sentada o zazen. Los sonidos primarios del cuenco tibetano son parte de ello.<\/p>\t\t\t\t\t\t\t\t<\/div>\n\t\t\t\t<\/div>\n\t\t\t\t\t<\/div>\n\t\t<\/div>\n\t\t\t\t\t<\/div>\n\t\t<\/section>\n\t\t\t\t<section class=\"elementor-section elementor-top-section elementor-element elementor-element-4efedc3 elementor-section-boxed elementor-section-height-default elementor-section-height-default\" data-id=\"4efedc3\" data-element_type=\"section\">\n\t\t\t\t\t\t<div class=\"elementor-container elementor-column-gap-wider\">\n\t\t\t\t\t<div class=\"elementor-column elementor-col-50 elementor-top-column elementor-element elementor-element-0131217 elementor-invisible\" data-id=\"0131217\" data-element_type=\"column\" data-settings=\"{&quot;animation&quot;:&quot;fadeInUp&quot;}\">\n\t\t\t<div class=\"elementor-widget-wrap elementor-element-populated\">\n\t\t\t\t\t\t<div class=\"elementor-element elementor-element-6e8bf44 elementor-widget elementor-widget-heading\" data-id=\"6e8bf44\" data-element_type=\"widget\" data-widget_type=\"heading.default\">\n\t\t\t\t<div class=\"elementor-widget-container\">\n\t\t\t\t\t<h3 class=\"elementor-heading-title elementor-size-default\">Servicios<\/h3>\t\t\t\t<\/div>\n\t\t\t\t<\/div>\n\t\t\t\t<div class=\"elementor-element elementor-element-089ae2c elementor-widget elementor-widget-text-editor\" data-id=\"089ae2c\" data-element_type=\"widget\" data-widget_type=\"text-editor.default\">\n\t\t\t\t<div class=\"elementor-widget-container\">\n\t\t\t\t\t\t\t\t\t<p>\u00bfNo m\u00e1s ropa fresca? Nos encargamos de la colada y del pip\u00ed para que tus experiencias de viaje puedan continuar.<\/p>\t\t\t\t\t\t\t\t<\/div>\n\t\t\t\t<\/div>\n\t\t\t\t\t<\/div>\n\t\t<\/div>\n\t\t\t\t<div class=\"elementor-column elementor-col-50 elementor-top-column elementor-element elementor-element-8a4e41b elementor-invisible\" data-id=\"8a4e41b\" data-element_type=\"column\" data-settings=\"{&quot;animation&quot;:&quot;fadeInUp&quot;}\">\n\t\t\t<div class=\"elementor-widget-wrap elementor-element-populated\">\n\t\t\t\t\t\t<div class=\"elementor-element elementor-element-1140521 elementor-widget elementor-widget-heading\" data-id=\"1140521\" data-element_type=\"widget\" data-widget_type=\"heading.default\">\n\t\t\t\t<div class=\"elementor-widget-container\">\n\t\t\t\t\t<h3 class=\"elementor-heading-title elementor-size-default\">culinario<\/h3>\t\t\t\t<\/div>\n\t\t\t\t<\/div>\n\t\t\t\t<div class=\"elementor-element elementor-element-2d10156 elementor-widget elementor-widget-text-editor\" data-id=\"2d10156\" data-element_type=\"widget\" data-widget_type=\"text-editor.default\">\n\t\t\t\t<div class=\"elementor-widget-container\">\n\t\t\t\t\t\t\t\t\t<p>Aprende el arte de beber t\u00e9 durante una ceremonia del t\u00e9. Rel\u00e1jese con un paquete de c\u00f3cteles cl\u00e1sicos o de moda. Experimente varios \u00e9xtasis mmmh de los chefs estrella de Gante. Ninguna experiencia culinaria es demasiado. No, ni siquiera los cuberdons.<\/p>\t\t\t\t\t\t\t\t<\/div>\n\t\t\t\t<\/div>\n\t\t\t\t\t<\/div>\n\t\t<\/div>\n\t\t\t\t\t<\/div>\n\t\t<\/section>\n\t\t\t\t<section class=\"elementor-section elementor-top-section elementor-element elementor-element-1e7513e elementor-section-boxed elementor-section-height-default elementor-section-height-default\" data-id=\"1e7513e\" data-element_type=\"section\">\n\t\t\t\t\t\t<div class=\"elementor-container elementor-column-gap-wider\">\n\t\t\t\t\t<div class=\"elementor-column elementor-col-50 elementor-top-column elementor-element elementor-element-95fc89f elementor-invisible\" data-id=\"95fc89f\" data-element_type=\"column\" data-settings=\"{&quot;animation&quot;:&quot;fadeInUp&quot;}\">\n\t\t\t<div class=\"elementor-widget-wrap elementor-element-populated\">\n\t\t\t\t\t\t<div class=\"elementor-element elementor-element-bceba86 elementor-widget elementor-widget-heading\" data-id=\"bceba86\" data-element_type=\"widget\" data-widget_type=\"heading.default\">\n\t\t\t\t<div class=\"elementor-widget-container\">\n\t\t\t\t\t<h3 class=\"elementor-heading-title elementor-size-default\">bienestar <\/h3>\t\t\t\t<\/div>\n\t\t\t\t<\/div>\n\t\t\t\t<div class=\"elementor-element elementor-element-35406a3 elementor-widget elementor-widget-text-editor\" data-id=\"35406a3\" data-element_type=\"widget\" data-widget_type=\"text-editor.default\">\n\t\t\t\t<div class=\"elementor-widget-container\">\n\t\t\t\t\t\t\t\t\t<p>Las suites Oxford y Shanghai tienen una instalaci\u00f3n de bienestar adicional. Estamos felices de llevar eso un paso m\u00e1s all\u00e1. Le espera una gama de jabones naturales, exfoliantes y productos para el cuerpo. \u00bfQu\u00e9 hace que tu ba\u00f1o sea a\u00fan m\u00e1s celestial? La pureza de los ingredientes.\u00a0<\/p>\t\t\t\t\t\t\t\t<\/div>\n\t\t\t\t<\/div>\n\t\t\t\t\t<\/div>\n\t\t<\/div>\n\t\t\t\t<div class=\"elementor-column elementor-col-50 elementor-top-column elementor-element elementor-element-fe6100e elementor-invisible\" data-id=\"fe6100e\" data-element_type=\"column\" data-settings=\"{&quot;animation&quot;:&quot;fadeInUp&quot;}\">\n\t\t\t<div class=\"elementor-widget-wrap elementor-element-populated\">\n\t\t\t\t\t\t<div class=\"elementor-element elementor-element-ce17680 elementor-widget elementor-widget-heading\" data-id=\"ce17680\" data-element_type=\"widget\" data-widget_type=\"heading.default\">\n\t\t\t\t<div class=\"elementor-widget-container\">\n\t\t\t\t\t<h3 class=\"elementor-heading-title elementor-size-default\">Almohadas Hotel Paquete<\/h3>\t\t\t\t<\/div>\n\t\t\t\t<\/div>\n\t\t\t\t<div class=\"elementor-element elementor-element-e76d07a elementor-widget elementor-widget-text-editor\" data-id=\"e76d07a\" data-element_type=\"widget\" data-widget_type=\"text-editor.default\">\n\t\t\t\t<div class=\"elementor-widget-container\">\n\t\t\t\t\t\t\t\t\t<p>\u00bfUn ba\u00f1o y una ducha no son suficientes? En el Hotel Pillows puedes deshacerte de todo tu estr\u00e9s en el spa. De esta manera tienes una experiencia de bienestar completa para recargar las pilas.\u00a0\u00a0<\/p>\t\t\t\t\t\t\t\t<\/div>\n\t\t\t\t<\/div>\n\t\t\t\t\t<\/div>\n\t\t<\/div>\n\t\t\t\t\t<\/div>\n\t\t<\/section>\n\t\t\t\t<\/div>","protected":false},"excerpt":{"rendered":"<p>Experiencia No es el lugar que se queda contigo. Es tu sentimiento, que te toca hasta lo m\u00e1s profundo de tu fibra, el que crea el recuerdo. Por eso Verne Dreams es un Bed &amp; Experience. Nos encantar\u00eda llevarte a una aventura como la de Julio Verne. \u00bfQu\u00e9 experiencia buscas? MATCHA \/ CEREMONIA DEL T\u00c9 [\u2026]<\/p>","protected":false},"author":1,"featured_media":468,"parent":0,"menu_order":0,"comment_status":"closed","ping_status":"closed","template":"elementor_header_footer","meta":{"_acf_changed":false,"footnotes":""},"class_list":["post-1068","page","type-page","status-publish","has-post-thumbnail","hentry"],"acf":[],"yoast_head":"<!-- This site is optimized with the Yoast SEO plugin v26.7 - https:\/\/yoast.com\/wordpress\/plugins\/seo\/ -->\n<title>Maak jouw verblijf in Gent onvergetelijk | Verne Dreams<\/title>\n<meta name=\"description\" content=\"Verne Dreams is niet zomaar een B&amp;B. Ervaar onze gepersonaliseerde aanpak in onze unieke suites. Allemaal in het prachtige centrum van Gent.\" \/>\n<meta name=\"robots\" content=\"index, follow, max-snippet:-1, max-image-preview:large, max-video-preview:-1\" \/>\n<link rel=\"canonical\" href=\"https:\/\/vernedreams.com\/es\/experience\/\" \/>\n<meta property=\"og:locale\" content=\"es_ES\" \/>\n<meta property=\"og:type\" content=\"article\" \/>\n<meta property=\"og:title\" content=\"Maak jouw verblijf in Gent onvergetelijk | Verne Dreams\" \/>\n<meta property=\"og:description\" content=\"Verne Dreams is niet zomaar een B&amp;B. Ervaar onze gepersonaliseerde aanpak in onze unieke suites. Allemaal in het prachtige centrum van Gent.\" \/>\n<meta property=\"og:url\" content=\"https:\/\/vernedreams.com\/es\/experience\/\" \/>\n<meta property=\"og:site_name\" content=\"Verne Dreams\" \/>\n<meta property=\"article:modified_time\" content=\"2024-09-23T12:38:18+00:00\" \/>\n<meta property=\"og:image\" content=\"https:\/\/vernedreams.com\/wp-content\/uploads\/2021\/10\/0005-DSCF2465-Edit-Melvinkobe-Photography.jpg\" \/>\n\t<meta property=\"og:image:width\" content=\"1181\" \/>\n\t<meta property=\"og:image:height\" content=\"1575\" \/>\n\t<meta property=\"og:image:type\" content=\"image\/jpeg\" \/>\n<meta name=\"twitter:card\" content=\"summary_large_image\" \/>\n<meta name=\"twitter:label1\" content=\"Tiempo de lectura\" \/>\n\t<meta name=\"twitter:data1\" content=\"1 minuto\" \/>\n<script type=\"application\/ld+json\" class=\"yoast-schema-graph\">{\"@context\":\"https:\/\/schema.org\",\"@graph\":[{\"@type\":\"WebPage\",\"@id\":\"https:\/\/vernedreams.com\/en\/experience\/\",\"url\":\"https:\/\/vernedreams.com\/en\/experience\/\",\"name\":\"Maak jouw verblijf in Gent onvergetelijk | Verne Dreams\",\"isPartOf\":{\"@id\":\"https:\/\/vernedreams.com\/en\/#website\"},\"primaryImageOfPage\":{\"@id\":\"https:\/\/vernedreams.com\/en\/experience\/#primaryimage\"},\"image\":{\"@id\":\"https:\/\/vernedreams.com\/en\/experience\/#primaryimage\"},\"thumbnailUrl\":\"https:\/\/vernedreams.com\/wp-content\/uploads\/2021\/10\/0005-DSCF2465-Edit-Melvinkobe-Photography.jpg\",\"datePublished\":\"2021-10-30T16:21:33+00:00\",\"dateModified\":\"2024-09-23T12:38:18+00:00\",\"description\":\"Verne Dreams is niet zomaar een B&B. Ervaar onze gepersonaliseerde aanpak in onze unieke suites. Allemaal in het prachtige centrum van Gent.\",\"breadcrumb\":{\"@id\":\"https:\/\/vernedreams.com\/en\/experience\/#breadcrumb\"},\"inLanguage\":\"es\",\"potentialAction\":[{\"@type\":\"ReadAction\",\"target\":[\"https:\/\/vernedreams.com\/en\/experience\/\"]}]},{\"@type\":\"ImageObject\",\"inLanguage\":\"es\",\"@id\":\"https:\/\/vernedreams.com\/en\/experience\/#primaryimage\",\"url\":\"https:\/\/vernedreams.com\/wp-content\/uploads\/2021\/10\/0005-DSCF2465-Edit-Melvinkobe-Photography.jpg\",\"contentUrl\":\"https:\/\/vernedreams.com\/wp-content\/uploads\/2021\/10\/0005-DSCF2465-Edit-Melvinkobe-Photography.jpg\",\"width\":1181,\"height\":1575},{\"@type\":\"BreadcrumbList\",\"@id\":\"https:\/\/vernedreams.com\/en\/experience\/#breadcrumb\",\"itemListElement\":[{\"@type\":\"ListItem\",\"position\":1,\"name\":\"Home\",\"item\":\"https:\/\/vernedreams.com\/en\/\"},{\"@type\":\"ListItem\",\"position\":2,\"name\":\"Experience\"}]},{\"@type\":\"WebSite\",\"@id\":\"https:\/\/vernedreams.com\/en\/#website\",\"url\":\"https:\/\/vernedreams.com\/en\/\",\"name\":\"Verne Dreams\",\"description\":\"Ervaar Gent als nooit tevoren\",\"publisher\":{\"@id\":\"https:\/\/vernedreams.com\/en\/#organization\"},\"potentialAction\":[{\"@type\":\"SearchAction\",\"target\":{\"@type\":\"EntryPoint\",\"urlTemplate\":\"https:\/\/vernedreams.com\/en\/?s={search_term_string}\"},\"query-input\":{\"@type\":\"PropertyValueSpecification\",\"valueRequired\":true,\"valueName\":\"search_term_string\"}}],\"inLanguage\":\"es\"},{\"@type\":\"Organization\",\"@id\":\"https:\/\/vernedreams.com\/en\/#organization\",\"name\":\"Verne Dreams\",\"url\":\"https:\/\/vernedreams.com\/en\/\",\"logo\":{\"@type\":\"ImageObject\",\"inLanguage\":\"es\",\"@id\":\"https:\/\/vernedreams.com\/en\/#\/schema\/logo\/image\/\",\"url\":\"https:\/\/vernedreams.com\/wp-content\/uploads\/2021\/10\/logo.svg\",\"contentUrl\":\"https:\/\/vernedreams.com\/wp-content\/uploads\/2021\/10\/logo.svg\",\"width\":266,\"height\":29,\"caption\":\"Verne Dreams\"},\"image\":{\"@id\":\"https:\/\/vernedreams.com\/en\/#\/schema\/logo\/image\/\"}}]}<\/script>\n<!-- \/ Yoast SEO plugin. -->","yoast_head_json":{"title":"Maak jouw verblijf in Gent onvergetelijk | Verne Dreams","description":"Verne Dreams is niet zomaar een B&B. Ervaar onze gepersonaliseerde aanpak in onze unieke suites. Allemaal in het prachtige centrum van Gent.","robots":{"index":"index","follow":"follow","max-snippet":"max-snippet:-1","max-image-preview":"max-image-preview:large","max-video-preview":"max-video-preview:-1"},"canonical":"https:\/\/vernedreams.com\/es\/experience\/","og_locale":"es_ES","og_type":"article","og_title":"Maak jouw verblijf in Gent onvergetelijk | Verne Dreams","og_description":"Verne Dreams is niet zomaar een B&B. Ervaar onze gepersonaliseerde aanpak in onze unieke suites. Allemaal in het prachtige centrum van Gent.","og_url":"https:\/\/vernedreams.com\/es\/experience\/","og_site_name":"Verne Dreams","article_modified_time":"2024-09-23T12:38:18+00:00","og_image":[{"width":1181,"height":1575,"url":"https:\/\/vernedreams.com\/wp-content\/uploads\/2021\/10\/0005-DSCF2465-Edit-Melvinkobe-Photography.jpg","type":"image\/jpeg"}],"twitter_card":"summary_large_image","twitter_misc":{"Tiempo de lectura":"1 minuto"},"schema":{"@context":"https:\/\/schema.org","@graph":[{"@type":"WebPage","@id":"https:\/\/vernedreams.com\/en\/experience\/","url":"https:\/\/vernedreams.com\/en\/experience\/","name":"Maak jouw verblijf in Gent onvergetelijk | Verne Dreams","isPartOf":{"@id":"https:\/\/vernedreams.com\/en\/#website"},"primaryImageOfPage":{"@id":"https:\/\/vernedreams.com\/en\/experience\/#primaryimage"},"image":{"@id":"https:\/\/vernedreams.com\/en\/experience\/#primaryimage"},"thumbnailUrl":"https:\/\/vernedreams.com\/wp-content\/uploads\/2021\/10\/0005-DSCF2465-Edit-Melvinkobe-Photography.jpg","datePublished":"2021-10-30T16:21:33+00:00","dateModified":"2024-09-23T12:38:18+00:00","description":"Verne Dreams is niet zomaar een B&B. Ervaar onze gepersonaliseerde aanpak in onze unieke suites. Allemaal in het prachtige centrum van Gent.","breadcrumb":{"@id":"https:\/\/vernedreams.com\/en\/experience\/#breadcrumb"},"inLanguage":"es","potentialAction":[{"@type":"ReadAction","target":["https:\/\/vernedreams.com\/en\/experience\/"]}]},{"@type":"ImageObject","inLanguage":"es","@id":"https:\/\/vernedreams.com\/en\/experience\/#primaryimage","url":"https:\/\/vernedreams.com\/wp-content\/uploads\/2021\/10\/0005-DSCF2465-Edit-Melvinkobe-Photography.jpg","contentUrl":"https:\/\/vernedreams.com\/wp-content\/uploads\/2021\/10\/0005-DSCF2465-Edit-Melvinkobe-Photography.jpg","width":1181,"height":1575},{"@type":"BreadcrumbList","@id":"https:\/\/vernedreams.com\/en\/experience\/#breadcrumb","itemListElement":[{"@type":"ListItem","position":1,"name":"Home","item":"https:\/\/vernedreams.com\/en\/"},{"@type":"ListItem","position":2,"name":"Experience"}]},{"@type":"WebSite","@id":"https:\/\/vernedreams.com\/en\/#website","url":"https:\/\/vernedreams.com\/en\/","name":"Sue\u00f1os de Verne","description":"Vive Gante como nunca antes","publisher":{"@id":"https:\/\/vernedreams.com\/en\/#organization"},"potentialAction":[{"@type":"SearchAction","target":{"@type":"EntryPoint","urlTemplate":"https:\/\/vernedreams.com\/en\/?s={search_term_string}"},"query-input":{"@type":"PropertyValueSpecification","valueRequired":true,"valueName":"search_term_string"}}],"inLanguage":"es"},{"@type":"Organization","@id":"https:\/\/vernedreams.com\/en\/#organization","name":"Sue\u00f1os de Verne","url":"https:\/\/vernedreams.com\/en\/","logo":{"@type":"ImageObject","inLanguage":"es","@id":"https:\/\/vernedreams.com\/en\/#\/schema\/logo\/image\/","url":"https:\/\/vernedreams.com\/wp-content\/uploads\/2021\/10\/logo.svg","contentUrl":"https:\/\/vernedreams.com\/wp-content\/uploads\/2021\/10\/logo.svg","width":266,"height":29,"caption":"Verne Dreams"},"image":{"@id":"https:\/\/vernedreams.com\/en\/#\/schema\/logo\/image\/"}}]}},"_links":{"self":[{"href":"https:\/\/vernedreams.com\/es\/wp-json\/wp\/v2\/pages\/1068","targetHints":{"allow":["GET"]}}],"collection":[{"href":"https:\/\/vernedreams.com\/es\/wp-json\/wp\/v2\/pages"}],"about":[{"href":"https:\/\/vernedreams.com\/es\/wp-json\/wp\/v2\/types\/page"}],"author":[{"embeddable":true,"href":"https:\/\/vernedreams.com\/es\/wp-json\/wp\/v2\/users\/1"}],"replies":[{"embeddable":true,"href":"https:\/\/vernedreams.com\/es\/wp-json\/wp\/v2\/comments?post=1068"}],"version-history":[{"count":0,"href":"https:\/\/vernedreams.com\/es\/wp-json\/wp\/v2\/pages\/1068\/revisions"}],"wp:featuredmedia":[{"embeddable":true,"href":"https:\/\/vernedreams.com\/es\/wp-json\/wp\/v2\/media\/468"}],"wp:attachment":[{"href":"https:\/\/vernedreams.com\/es\/wp-json\/wp\/v2\/media?parent=1068"}],"curies":[{"name":"wp","href":"https:\/\/api.w.org\/{rel}","templated":true}]}}