{"id":2115,"date":"2022-05-09T10:55:57","date_gmt":"2022-05-09T10:55:57","guid":{"rendered":"https:\/\/vernedreams.com\/?page_id=2115"},"modified":"2026-04-09T10:34:06","modified_gmt":"2026-04-09T09:34:06","slug":"over-ons","status":"publish","type":"page","link":"https:\/\/vernedreams.com\/es\/over-ons\/","title":{"rendered":"Sobre nosotros"},"content":{"rendered":"<div data-elementor-type=\"wp-page\" data-elementor-id=\"2115\" class=\"elementor elementor-2115\" data-elementor-post-type=\"page\">\n\t\t\t\t\t\t<section class=\"elementor-section elementor-top-section elementor-element elementor-element-224344b elementor-section-full_width elementor-section-height-min-height elementor-section-height-default elementor-section-items-middle\" data-id=\"224344b\" data-element_type=\"section\" data-settings=\"{&quot;background_background&quot;:&quot;classic&quot;}\">\n\t\t\t\t\t\t<div class=\"elementor-container elementor-column-gap-default\">\n\t\t\t\t\t<div class=\"elementor-column elementor-col-100 elementor-top-column elementor-element elementor-element-aab6ccc elementor-invisible\" data-id=\"aab6ccc\" data-element_type=\"column\" data-settings=\"{&quot;animation&quot;:&quot;fadeIn&quot;}\">\n\t\t\t<div class=\"elementor-widget-wrap elementor-element-populated\">\n\t\t\t\t\t\t<div class=\"elementor-element elementor-element-8a093e0 elementor-widget elementor-widget-heading\" data-id=\"8a093e0\" data-element_type=\"widget\" data-widget_type=\"heading.default\">\n\t\t\t\t<div class=\"elementor-widget-container\">\n\t\t\t\t\t<h1 class=\"elementor-heading-title elementor-size-default\">Detr\u00e1s de c\u00e1maras de Sue\u00f1os de Verne<\/h1>\t\t\t\t<\/div>\n\t\t\t\t<\/div>\n\t\t\t\t\t<\/div>\n\t\t<\/div>\n\t\t\t\t\t<\/div>\n\t\t<\/section>\n\t\t\t\t<section class=\"elementor-section elementor-top-section elementor-element elementor-element-3b77641 elementor-section-boxed elementor-section-height-default elementor-section-height-default\" data-id=\"3b77641\" data-element_type=\"section\">\n\t\t\t\t\t\t<div class=\"elementor-container elementor-column-gap-default\">\n\t\t\t\t\t<div class=\"elementor-column elementor-col-50 elementor-top-column elementor-element elementor-element-fabe17b\" data-id=\"fabe17b\" data-element_type=\"column\">\n\t\t\t<div class=\"elementor-widget-wrap elementor-element-populated\">\n\t\t\t\t\t\t<div class=\"elementor-element elementor-element-792f063 elementor-widget elementor-widget-image\" data-id=\"792f063\" data-element_type=\"widget\" data-widget_type=\"image.default\">\n\t\t\t\t<div class=\"elementor-widget-container\">\n\t\t\t\t\t\t\t\t\t\t\t\t\t\t\t<img decoding=\"async\" src=\"https:\/\/vernedreams.com\/wp-content\/uploads\/elementor\/thumbs\/DSCF7634_23x23lores_bw-q0zpxcvl25rnhjirzspwtsu0m7z79qab76rktc7hk0.jpg\" title=\"DSCF7634_23x23lores_bw\" alt=\"DSCF7634_23x23lores_bw\" loading=\"lazy\" \/>\t\t\t\t\t\t\t\t\t\t\t\t\t\t\t<\/div>\n\t\t\t\t<\/div>\n\t\t\t\t\t<\/div>\n\t\t<\/div>\n\t\t\t\t<div class=\"elementor-column elementor-col-50 elementor-top-column elementor-element elementor-element-244051c\" data-id=\"244051c\" data-element_type=\"column\">\n\t\t\t<div class=\"elementor-widget-wrap elementor-element-populated\">\n\t\t\t\t\t\t<div class=\"elementor-element elementor-element-af9b394 elementor-widget elementor-widget-heading\" data-id=\"af9b394\" data-element_type=\"widget\" data-widget_type=\"heading.default\">\n\t\t\t\t<div class=\"elementor-widget-container\">\n\t\t\t\t\t<h5 class=\"elementor-heading-title elementor-size-default\">Vincent Verschooris - Director de arte y so\u00f1ador mundial<\/h5>\t\t\t\t<\/div>\n\t\t\t\t<\/div>\n\t\t\t\t<div class=\"elementor-element elementor-element-981d2e0 elementor-widget elementor-widget-text-editor\" data-id=\"981d2e0\" data-element_type=\"widget\" data-widget_type=\"text-editor.default\">\n\t\t\t\t<div class=\"elementor-widget-container\">\n\t\t\t\t\t\t\t\t\tVincent es un artista y un so\u00f1ador del mundo, listo para transmitirte sus experiencias. Su debilidad por el estilo Wabi-Sabi en las suites se puede sentir en cada fibra de su cuerpo. No solo se expresa en el interior, sino tambi\u00e9n en sus obras de arte personales en las suites. Gracias a Vincent obtienes una estad\u00eda con una experiencia extra que nunca olvidar\u00e1s.\t\t\t\t\t\t\t\t<\/div>\n\t\t\t\t<\/div>\n\t\t\t\t\t<\/div>\n\t\t<\/div>\n\t\t\t\t\t<\/div>\n\t\t<\/section>\n\t\t\t\t<\/div>","protected":false},"excerpt":{"rendered":"<p>Behind the scenes of Verne Dreams\u200b Vincent Verschooris &#8211; Art Director &amp; World dreamer Vincent is een artiest en werelddromer, klaar om z\u2019n ervaringen aan je door te geven. Z\u2019n zwak voor de Wabi-Sabi stijl in de suites voel je in elke vezel van je lichaam. Niet alleen uitgedrukt in het interieur, maar ook in [&hellip;]<\/p>","protected":false},"author":1,"featured_media":0,"parent":0,"menu_order":0,"comment_status":"closed","ping_status":"closed","template":"elementor_header_footer","meta":{"_acf_changed":false,"footnotes":""},"class_list":["post-2115","page","type-page","status-publish","hentry"],"acf":[],"yoast_head":"<!-- This site is optimized with the Yoast SEO plugin v26.7 - https:\/\/yoast.com\/wordpress\/plugins\/seo\/ -->\n<title>Over ons &#8211; Verne Dreams<\/title>\n<meta name=\"description\" content=\"Leer de mensen achter Verne Dreams kennen. Met creativiteit en visie cre\u00ebren zij gepersonaliseerde ervaringen in onze luxe suites!\" \/>\n<meta name=\"robots\" content=\"index, follow, max-snippet:-1, max-image-preview:large, max-video-preview:-1\" \/>\n<link rel=\"canonical\" href=\"https:\/\/vernedreams.com\/es\/over-ons\/\" \/>\n<meta property=\"og:locale\" content=\"es_ES\" \/>\n<meta property=\"og:type\" content=\"article\" \/>\n<meta property=\"og:title\" content=\"Over ons &#8211; Verne Dreams\" \/>\n<meta property=\"og:description\" content=\"Leer de mensen achter Verne Dreams kennen. Met creativiteit en visie cre\u00ebren zij gepersonaliseerde ervaringen in onze luxe suites!\" \/>\n<meta property=\"og:url\" content=\"https:\/\/vernedreams.com\/es\/over-ons\/\" \/>\n<meta property=\"og:site_name\" content=\"Verne Dreams\" \/>\n<meta property=\"article:modified_time\" content=\"2026-04-09T09:34:06+00:00\" \/>\n<meta property=\"og:image\" content=\"https:\/\/vernedreams.com\/wp-content\/uploads\/elementor\/thumbs\/DSCF7634_23x23lores_bw-q0zpxcvl25rnhjirzspwtsu0m7z79qab76rktc7hk0.jpg\" \/>\n<meta name=\"twitter:card\" content=\"summary_large_image\" \/>\n<meta name=\"twitter:label1\" content=\"Tiempo de lectura\" \/>\n\t<meta name=\"twitter:data1\" content=\"1 minuto\" \/>\n<script type=\"application\/ld+json\" class=\"yoast-schema-graph\">{\"@context\":\"https:\/\/schema.org\",\"@graph\":[{\"@type\":\"WebPage\",\"@id\":\"https:\/\/vernedreams.com\/nl\/over-ons\/\",\"url\":\"https:\/\/vernedreams.com\/nl\/over-ons\/\",\"name\":\"Over ons &#8211; Verne Dreams\",\"isPartOf\":{\"@id\":\"https:\/\/vernedreams.com\/en\/#website\"},\"primaryImageOfPage\":{\"@id\":\"https:\/\/vernedreams.com\/nl\/over-ons\/#primaryimage\"},\"image\":{\"@id\":\"https:\/\/vernedreams.com\/nl\/over-ons\/#primaryimage\"},\"thumbnailUrl\":\"https:\/\/vernedreams.com\/wp-content\/uploads\/elementor\/thumbs\/DSCF7634_23x23lores_bw-q0zpxcvl25rnhjirzspwtsu0m7z79qab76rktc7hk0.jpg\",\"datePublished\":\"2022-05-09T10:55:57+00:00\",\"dateModified\":\"2026-04-09T09:34:06+00:00\",\"description\":\"Leer de mensen achter Verne Dreams kennen. Met creativiteit en visie cre\u00ebren zij gepersonaliseerde ervaringen in onze luxe suites!\",\"breadcrumb\":{\"@id\":\"https:\/\/vernedreams.com\/nl\/over-ons\/#breadcrumb\"},\"inLanguage\":\"es\",\"potentialAction\":[{\"@type\":\"ReadAction\",\"target\":[\"https:\/\/vernedreams.com\/nl\/over-ons\/\"]}]},{\"@type\":\"ImageObject\",\"inLanguage\":\"es\",\"@id\":\"https:\/\/vernedreams.com\/nl\/over-ons\/#primaryimage\",\"url\":\"https:\/\/vernedreams.com\/wp-content\/uploads\/elementor\/thumbs\/DSCF7634_23x23lores_bw-q0zpxcvl25rnhjirzspwtsu0m7z79qab76rktc7hk0.jpg\",\"contentUrl\":\"https:\/\/vernedreams.com\/wp-content\/uploads\/elementor\/thumbs\/DSCF7634_23x23lores_bw-q0zpxcvl25rnhjirzspwtsu0m7z79qab76rktc7hk0.jpg\"},{\"@type\":\"BreadcrumbList\",\"@id\":\"https:\/\/vernedreams.com\/nl\/over-ons\/#breadcrumb\",\"itemListElement\":[{\"@type\":\"ListItem\",\"position\":1,\"name\":\"Home\",\"item\":\"https:\/\/vernedreams.com\/en\/\"},{\"@type\":\"ListItem\",\"position\":2,\"name\":\"Over ons\"}]},{\"@type\":\"WebSite\",\"@id\":\"https:\/\/vernedreams.com\/en\/#website\",\"url\":\"https:\/\/vernedreams.com\/en\/\",\"name\":\"Verne Dreams\",\"description\":\"Ervaar Gent als nooit tevoren\",\"publisher\":{\"@id\":\"https:\/\/vernedreams.com\/en\/#organization\"},\"potentialAction\":[{\"@type\":\"SearchAction\",\"target\":{\"@type\":\"EntryPoint\",\"urlTemplate\":\"https:\/\/vernedreams.com\/en\/?s={search_term_string}\"},\"query-input\":{\"@type\":\"PropertyValueSpecification\",\"valueRequired\":true,\"valueName\":\"search_term_string\"}}],\"inLanguage\":\"es\"},{\"@type\":\"Organization\",\"@id\":\"https:\/\/vernedreams.com\/en\/#organization\",\"name\":\"Verne Dreams\",\"url\":\"https:\/\/vernedreams.com\/en\/\",\"logo\":{\"@type\":\"ImageObject\",\"inLanguage\":\"es\",\"@id\":\"https:\/\/vernedreams.com\/en\/#\/schema\/logo\/image\/\",\"url\":\"https:\/\/vernedreams.com\/wp-content\/uploads\/2021\/10\/logo.svg\",\"contentUrl\":\"https:\/\/vernedreams.com\/wp-content\/uploads\/2021\/10\/logo.svg\",\"width\":266,\"height\":29,\"caption\":\"Verne Dreams\"},\"image\":{\"@id\":\"https:\/\/vernedreams.com\/en\/#\/schema\/logo\/image\/\"}}]}<\/script>\n<!-- \/ Yoast SEO plugin. -->","yoast_head_json":{"title":"Over ons &#8211; Verne Dreams","description":"Leer de mensen achter Verne Dreams kennen. Met creativiteit en visie cre\u00ebren zij gepersonaliseerde ervaringen in onze luxe suites!","robots":{"index":"index","follow":"follow","max-snippet":"max-snippet:-1","max-image-preview":"max-image-preview:large","max-video-preview":"max-video-preview:-1"},"canonical":"https:\/\/vernedreams.com\/es\/over-ons\/","og_locale":"es_ES","og_type":"article","og_title":"Over ons &#8211; Verne Dreams","og_description":"Leer de mensen achter Verne Dreams kennen. Met creativiteit en visie cre\u00ebren zij gepersonaliseerde ervaringen in onze luxe suites!","og_url":"https:\/\/vernedreams.com\/es\/over-ons\/","og_site_name":"Verne Dreams","article_modified_time":"2026-04-09T09:34:06+00:00","og_image":[{"url":"https:\/\/vernedreams.com\/wp-content\/uploads\/elementor\/thumbs\/DSCF7634_23x23lores_bw-q0zpxcvl25rnhjirzspwtsu0m7z79qab76rktc7hk0.jpg","type":"","width":"","height":""}],"twitter_card":"summary_large_image","twitter_misc":{"Tiempo de lectura":"1 minuto"},"schema":{"@context":"https:\/\/schema.org","@graph":[{"@type":"WebPage","@id":"https:\/\/vernedreams.com\/nl\/over-ons\/","url":"https:\/\/vernedreams.com\/nl\/over-ons\/","name":"Over ons &#8211; Verne Dreams","isPartOf":{"@id":"https:\/\/vernedreams.com\/en\/#website"},"primaryImageOfPage":{"@id":"https:\/\/vernedreams.com\/nl\/over-ons\/#primaryimage"},"image":{"@id":"https:\/\/vernedreams.com\/nl\/over-ons\/#primaryimage"},"thumbnailUrl":"https:\/\/vernedreams.com\/wp-content\/uploads\/elementor\/thumbs\/DSCF7634_23x23lores_bw-q0zpxcvl25rnhjirzspwtsu0m7z79qab76rktc7hk0.jpg","datePublished":"2022-05-09T10:55:57+00:00","dateModified":"2026-04-09T09:34:06+00:00","description":"Leer de mensen achter Verne Dreams kennen. Met creativiteit en visie cre\u00ebren zij gepersonaliseerde ervaringen in onze luxe suites!","breadcrumb":{"@id":"https:\/\/vernedreams.com\/nl\/over-ons\/#breadcrumb"},"inLanguage":"es","potentialAction":[{"@type":"ReadAction","target":["https:\/\/vernedreams.com\/nl\/over-ons\/"]}]},{"@type":"ImageObject","inLanguage":"es","@id":"https:\/\/vernedreams.com\/nl\/over-ons\/#primaryimage","url":"https:\/\/vernedreams.com\/wp-content\/uploads\/elementor\/thumbs\/DSCF7634_23x23lores_bw-q0zpxcvl25rnhjirzspwtsu0m7z79qab76rktc7hk0.jpg","contentUrl":"https:\/\/vernedreams.com\/wp-content\/uploads\/elementor\/thumbs\/DSCF7634_23x23lores_bw-q0zpxcvl25rnhjirzspwtsu0m7z79qab76rktc7hk0.jpg"},{"@type":"BreadcrumbList","@id":"https:\/\/vernedreams.com\/nl\/over-ons\/#breadcrumb","itemListElement":[{"@type":"ListItem","position":1,"name":"Home","item":"https:\/\/vernedreams.com\/en\/"},{"@type":"ListItem","position":2,"name":"Over ons"}]},{"@type":"WebSite","@id":"https:\/\/vernedreams.com\/en\/#website","url":"https:\/\/vernedreams.com\/en\/","name":"Sue\u00f1os de Verne","description":"Vive Gante como nunca antes","publisher":{"@id":"https:\/\/vernedreams.com\/en\/#organization"},"potentialAction":[{"@type":"SearchAction","target":{"@type":"EntryPoint","urlTemplate":"https:\/\/vernedreams.com\/en\/?s={search_term_string}"},"query-input":{"@type":"PropertyValueSpecification","valueRequired":true,"valueName":"search_term_string"}}],"inLanguage":"es"},{"@type":"Organization","@id":"https:\/\/vernedreams.com\/en\/#organization","name":"Sue\u00f1os de Verne","url":"https:\/\/vernedreams.com\/en\/","logo":{"@type":"ImageObject","inLanguage":"es","@id":"https:\/\/vernedreams.com\/en\/#\/schema\/logo\/image\/","url":"https:\/\/vernedreams.com\/wp-content\/uploads\/2021\/10\/logo.svg","contentUrl":"https:\/\/vernedreams.com\/wp-content\/uploads\/2021\/10\/logo.svg","width":266,"height":29,"caption":"Verne Dreams"},"image":{"@id":"https:\/\/vernedreams.com\/en\/#\/schema\/logo\/image\/"}}]}},"_links":{"self":[{"href":"https:\/\/vernedreams.com\/es\/wp-json\/wp\/v2\/pages\/2115","targetHints":{"allow":["GET"]}}],"collection":[{"href":"https:\/\/vernedreams.com\/es\/wp-json\/wp\/v2\/pages"}],"about":[{"href":"https:\/\/vernedreams.com\/es\/wp-json\/wp\/v2\/types\/page"}],"author":[{"embeddable":true,"href":"https:\/\/vernedreams.com\/es\/wp-json\/wp\/v2\/users\/1"}],"replies":[{"embeddable":true,"href":"https:\/\/vernedreams.com\/es\/wp-json\/wp\/v2\/comments?post=2115"}],"version-history":[{"count":3,"href":"https:\/\/vernedreams.com\/es\/wp-json\/wp\/v2\/pages\/2115\/revisions"}],"predecessor-version":[{"id":2644,"href":"https:\/\/vernedreams.com\/es\/wp-json\/wp\/v2\/pages\/2115\/revisions\/2644"}],"wp:attachment":[{"href":"https:\/\/vernedreams.com\/es\/wp-json\/wp\/v2\/media?parent=2115"}],"curies":[{"name":"wp","href":"https:\/\/api.w.org\/{rel}","templated":true}]}}