{"id":1068,"date":"2021-10-30T16:21:33","date_gmt":"2021-10-30T16:21:33","guid":{"rendered":"https:\/\/vernedreams.com\/?page_id=1068"},"modified":"2024-09-23T13:38:18","modified_gmt":"2024-09-23T12:38:18","slug":"experience","status":"publish","type":"page","link":"https:\/\/vernedreams.com\/fr\/experience\/","title":{"rendered":"Experience"},"content":{"rendered":"<div data-elementor-type=\"wp-page\" data-elementor-id=\"1068\" class=\"elementor elementor-1068\" data-elementor-post-type=\"page\">\n\t\t\t\t\t\t<section class=\"elementor-section elementor-top-section elementor-element elementor-element-abaa6a4 elementor-section-full_width elementor-section-height-min-height elementor-section-height-default elementor-section-items-middle\" data-id=\"abaa6a4\" data-element_type=\"section\" data-settings=\"{&quot;background_background&quot;:&quot;classic&quot;}\">\n\t\t\t\t\t\t<div class=\"elementor-container elementor-column-gap-default\">\n\t\t\t\t\t<div class=\"elementor-column elementor-col-100 elementor-top-column elementor-element elementor-element-3950a50 elementor-invisible\" data-id=\"3950a50\" data-element_type=\"column\" data-settings=\"{&quot;animation&quot;:&quot;fadeIn&quot;}\">\n\t\t\t<div class=\"elementor-widget-wrap elementor-element-populated\">\n\t\t\t\t\t\t<div class=\"elementor-element elementor-element-0e3a762 elementor-widget elementor-widget-heading\" data-id=\"0e3a762\" data-element_type=\"widget\" data-widget_type=\"heading.default\">\n\t\t\t\t<div class=\"elementor-widget-container\">\n\t\t\t\t\t<h2 class=\"elementor-heading-title elementor-size-default\">Experience<\/h2>\t\t\t\t<\/div>\n\t\t\t\t<\/div>\n\t\t\t\t<div class=\"elementor-element elementor-element-8fdea32 elementor-widget elementor-widget-text-editor\" data-id=\"8fdea32\" data-element_type=\"widget\" data-widget_type=\"text-editor.default\">\n\t\t\t\t<div class=\"elementor-widget-container\">\n\t\t\t\t\t\t\t\t\t<p>Ce n&#039;est pas l&#039;endroit qui reste avec toi. C&#039;est votre ressenti \u2013 qui vous touche jusqu&#039;\u00e0 votre fibre la plus profonde \u2013 qui fait le souvenir. C&#039;est pourquoi Verne Dreams est un Bed &amp; Experience. Tout comme Jules Verne, nous aimons vous emmener \u00e0 l&#039;aventure. Pour quelle exp\u00e9rience partez-vous ?<\/p>\t\t\t\t\t\t\t\t<\/div>\n\t\t\t\t<\/div>\n\t\t\t\t\t<\/div>\n\t\t<\/div>\n\t\t\t\t\t<\/div>\n\t\t<\/section>\n\t\t\t\t<section class=\"elementor-section elementor-top-section elementor-element elementor-element-7bf2a1e elementor-section-boxed elementor-section-height-default elementor-section-height-default\" data-id=\"7bf2a1e\" data-element_type=\"section\">\n\t\t\t\t\t\t<div class=\"elementor-container elementor-column-gap-wider\">\n\t\t\t\t\t<div class=\"elementor-column elementor-col-50 elementor-top-column elementor-element elementor-element-6cc8884 elementor-invisible\" data-id=\"6cc8884\" data-element_type=\"column\" data-settings=\"{&quot;animation&quot;:&quot;fadeInUp&quot;}\">\n\t\t\t<div class=\"elementor-widget-wrap elementor-element-populated\">\n\t\t\t\t\t\t<div class=\"elementor-element elementor-element-4b75ac2 elementor-widget elementor-widget-heading\" data-id=\"4b75ac2\" data-element_type=\"widget\" data-widget_type=\"heading.default\">\n\t\t\t\t<div class=\"elementor-widget-container\">\n\t\t\t\t\t<h3 class=\"elementor-heading-title elementor-size-default\">C\u00c9R\u00c9MONIE DU MATCHA \/ TH\u00c9<\/h3>\t\t\t\t<\/div>\n\t\t\t\t<\/div>\n\t\t\t\t<div class=\"elementor-element elementor-element-5e86c4e elementor-widget elementor-widget-text-editor\" data-id=\"5e86c4e\" data-element_type=\"widget\" data-widget_type=\"text-editor.default\">\n\t\t\t\t<div class=\"elementor-widget-container\">\n\t\t\t\t\t\t\t\t\t<p>Ippodo, une maison de th\u00e9 qui fabrique du matcha et cultive du th\u00e9 depuis 1717, est servi rituellement ici \u00e0 VerneDreams.\u00a0<\/p>\t\t\t\t\t\t\t\t<\/div>\n\t\t\t\t<\/div>\n\t\t\t\t\t<\/div>\n\t\t<\/div>\n\t\t\t\t<div class=\"elementor-column elementor-col-50 elementor-top-column elementor-element elementor-element-05d7c8b elementor-invisible\" data-id=\"05d7c8b\" data-element_type=\"column\" data-settings=\"{&quot;animation&quot;:&quot;fadeInUp&quot;}\">\n\t\t\t<div class=\"elementor-widget-wrap elementor-element-populated\">\n\t\t\t\t\t\t<div class=\"elementor-element elementor-element-8717424 elementor-widget elementor-widget-heading\" data-id=\"8717424\" data-element_type=\"widget\" data-widget_type=\"heading.default\">\n\t\t\t\t<div class=\"elementor-widget-container\">\n\t\t\t\t\t<h3 class=\"elementor-heading-title elementor-size-default\">m\u00e9ditation zen<\/h3>\t\t\t\t<\/div>\n\t\t\t\t<\/div>\n\t\t\t\t<div class=\"elementor-element elementor-element-149708b elementor-widget elementor-widget-text-editor\" data-id=\"149708b\" data-element_type=\"widget\" data-widget_type=\"text-editor.default\">\n\t\t\t\t<div class=\"elementor-widget-container\">\n\t\t\t\t\t\t\t\t\t<p>Sur demande, la logeuse Vincent est disponible pour une s\u00e9ance de m\u00e9ditation assise ou zazen. Les sons primitifs du bol chantant en font partie.<\/p>\t\t\t\t\t\t\t\t<\/div>\n\t\t\t\t<\/div>\n\t\t\t\t\t<\/div>\n\t\t<\/div>\n\t\t\t\t\t<\/div>\n\t\t<\/section>\n\t\t\t\t<section class=\"elementor-section elementor-top-section elementor-element elementor-element-4efedc3 elementor-section-boxed elementor-section-height-default elementor-section-height-default\" data-id=\"4efedc3\" data-element_type=\"section\">\n\t\t\t\t\t\t<div class=\"elementor-container elementor-column-gap-wider\">\n\t\t\t\t\t<div class=\"elementor-column elementor-col-50 elementor-top-column elementor-element elementor-element-0131217 elementor-invisible\" data-id=\"0131217\" data-element_type=\"column\" data-settings=\"{&quot;animation&quot;:&quot;fadeInUp&quot;}\">\n\t\t\t<div class=\"elementor-widget-wrap elementor-element-populated\">\n\t\t\t\t\t\t<div class=\"elementor-element elementor-element-6e8bf44 elementor-widget elementor-widget-heading\" data-id=\"6e8bf44\" data-element_type=\"widget\" data-widget_type=\"heading.default\">\n\t\t\t\t<div class=\"elementor-widget-container\">\n\t\t\t\t\t<h3 class=\"elementor-heading-title elementor-size-default\">Prestations de service<\/h3>\t\t\t\t<\/div>\n\t\t\t\t<\/div>\n\t\t\t\t<div class=\"elementor-element elementor-element-089ae2c elementor-widget elementor-widget-text-editor\" data-id=\"089ae2c\" data-element_type=\"widget\" data-widget_type=\"text-editor.default\">\n\t\t\t\t<div class=\"elementor-widget-container\">\n\t\t\t\t\t\t\t\t\t<p>Plus de v\u00eatements frais ? Nous nous occupons de la lessive et du pipi pour que vos exp\u00e9riences de voyage puissent se poursuivre.<\/p>\t\t\t\t\t\t\t\t<\/div>\n\t\t\t\t<\/div>\n\t\t\t\t\t<\/div>\n\t\t<\/div>\n\t\t\t\t<div class=\"elementor-column elementor-col-50 elementor-top-column elementor-element elementor-element-8a4e41b elementor-invisible\" data-id=\"8a4e41b\" data-element_type=\"column\" data-settings=\"{&quot;animation&quot;:&quot;fadeInUp&quot;}\">\n\t\t\t<div class=\"elementor-widget-wrap elementor-element-populated\">\n\t\t\t\t\t\t<div class=\"elementor-element elementor-element-1140521 elementor-widget elementor-widget-heading\" data-id=\"1140521\" data-element_type=\"widget\" data-widget_type=\"heading.default\">\n\t\t\t\t<div class=\"elementor-widget-container\">\n\t\t\t\t\t<h3 class=\"elementor-heading-title elementor-size-default\">culinaire<\/h3>\t\t\t\t<\/div>\n\t\t\t\t<\/div>\n\t\t\t\t<div class=\"elementor-element elementor-element-2d10156 elementor-widget elementor-widget-text-editor\" data-id=\"2d10156\" data-element_type=\"widget\" data-widget_type=\"text-editor.default\">\n\t\t\t\t<div class=\"elementor-widget-container\">\n\t\t\t\t\t\t\t\t\t<p>Apprenez l&#039;art de boire du th\u00e9 lors d&#039;une c\u00e9r\u00e9monie du th\u00e9. D\u00e9tendez-vous avec un ensemble de cocktails classiques ou tendance. Vivez diverses extases mmmh de chefs \u00e9toil\u00e9s gantois. Aucune exp\u00e9rience culinaire n&#039;est de trop. Non, pas m\u00eame les cuberdons.<\/p>\t\t\t\t\t\t\t\t<\/div>\n\t\t\t\t<\/div>\n\t\t\t\t\t<\/div>\n\t\t<\/div>\n\t\t\t\t\t<\/div>\n\t\t<\/section>\n\t\t\t\t<section class=\"elementor-section elementor-top-section elementor-element elementor-element-1e7513e elementor-section-boxed elementor-section-height-default elementor-section-height-default\" data-id=\"1e7513e\" data-element_type=\"section\">\n\t\t\t\t\t\t<div class=\"elementor-container elementor-column-gap-wider\">\n\t\t\t\t\t<div class=\"elementor-column elementor-col-50 elementor-top-column elementor-element elementor-element-95fc89f elementor-invisible\" data-id=\"95fc89f\" data-element_type=\"column\" data-settings=\"{&quot;animation&quot;:&quot;fadeInUp&quot;}\">\n\t\t\t<div class=\"elementor-widget-wrap elementor-element-populated\">\n\t\t\t\t\t\t<div class=\"elementor-element elementor-element-bceba86 elementor-widget elementor-widget-heading\" data-id=\"bceba86\" data-element_type=\"widget\" data-widget_type=\"heading.default\">\n\t\t\t\t<div class=\"elementor-widget-container\">\n\t\t\t\t\t<h3 class=\"elementor-heading-title elementor-size-default\">le bien-\u00eatre <\/h3>\t\t\t\t<\/div>\n\t\t\t\t<\/div>\n\t\t\t\t<div class=\"elementor-element elementor-element-35406a3 elementor-widget elementor-widget-text-editor\" data-id=\"35406a3\" data-element_type=\"widget\" data-widget_type=\"text-editor.default\">\n\t\t\t\t<div class=\"elementor-widget-container\">\n\t\t\t\t\t\t\t\t\t<p>Les suites Oxford et Shanghai disposent d&#039;un centre de bien-\u00eatre suppl\u00e9mentaire. Nous sommes heureux d&#039;aller plus loin. Une gamme de savons, gommages et produits corporels naturels vous attend. Qu&#039;est-ce qui rend votre bain encore plus paradisiaque ? La puret\u00e9 des ingr\u00e9dients.\u00a0<\/p>\t\t\t\t\t\t\t\t<\/div>\n\t\t\t\t<\/div>\n\t\t\t\t\t<\/div>\n\t\t<\/div>\n\t\t\t\t<div class=\"elementor-column elementor-col-50 elementor-top-column elementor-element elementor-element-fe6100e elementor-invisible\" data-id=\"fe6100e\" data-element_type=\"column\" data-settings=\"{&quot;animation&quot;:&quot;fadeInUp&quot;}\">\n\t\t\t<div class=\"elementor-widget-wrap elementor-element-populated\">\n\t\t\t\t\t\t<div class=\"elementor-element elementor-element-ce17680 elementor-widget elementor-widget-heading\" data-id=\"ce17680\" data-element_type=\"widget\" data-widget_type=\"heading.default\">\n\t\t\t\t<div class=\"elementor-widget-container\">\n\t\t\t\t\t<h3 class=\"elementor-heading-title elementor-size-default\">Oreillers Forfait H\u00f4tel<\/h3>\t\t\t\t<\/div>\n\t\t\t\t<\/div>\n\t\t\t\t<div class=\"elementor-element elementor-element-e76d07a elementor-widget elementor-widget-text-editor\" data-id=\"e76d07a\" data-element_type=\"widget\" data-widget_type=\"text-editor.default\">\n\t\t\t\t<div class=\"elementor-widget-container\">\n\t\t\t\t\t\t\t\t\t<p>Un bain et une douche ne suffisent-ils pas ? \u00c0 l&#039;h\u00f4tel Pillows, vous pouvez vous d\u00e9barrasser de tout votre stress dans le spa. De cette fa\u00e7on, vous avez une exp\u00e9rience de bien-\u00eatre compl\u00e8te pour recharger vos batteries.\u00a0\u00a0<\/p>\t\t\t\t\t\t\t\t<\/div>\n\t\t\t\t<\/div>\n\t\t\t\t\t<\/div>\n\t\t<\/div>\n\t\t\t\t\t<\/div>\n\t\t<\/section>\n\t\t\t\t<\/div>","protected":false},"excerpt":{"rendered":"<p>Exp\u00e9rience Ce n&#039;est pas l&#039;endroit qui reste avec vous. C&#039;est votre ressenti \u2013 qui vous touche au plus profond de votre fibre \u2013 qui cr\u00e9e le souvenir. C&#039;est pourquoi Verne Dreams est un Bed &amp; Experience. Nous serions ravis de vous emmener dans une aventure \u00e0 la mani\u00e8re de Jules Verne. Pour quelle exp\u00e9rience partez-vous ? C\u00c9R\u00c9MONIE DU MATCHA \/ TH\u00c9 [\u2026]<\/p>","protected":false},"author":1,"featured_media":468,"parent":0,"menu_order":0,"comment_status":"closed","ping_status":"closed","template":"elementor_header_footer","meta":{"_acf_changed":false,"footnotes":""},"class_list":["post-1068","page","type-page","status-publish","has-post-thumbnail","hentry"],"acf":[],"yoast_head":"<!-- This site is optimized with the Yoast SEO plugin v26.7 - https:\/\/yoast.com\/wordpress\/plugins\/seo\/ -->\n<title>Maak jouw verblijf in Gent onvergetelijk | Verne Dreams<\/title>\n<meta name=\"description\" content=\"Verne Dreams is niet zomaar een B&amp;B. Ervaar onze gepersonaliseerde aanpak in onze unieke suites. Allemaal in het prachtige centrum van Gent.\" \/>\n<meta name=\"robots\" content=\"index, follow, max-snippet:-1, max-image-preview:large, max-video-preview:-1\" \/>\n<link rel=\"canonical\" href=\"https:\/\/vernedreams.com\/fr\/experience\/\" \/>\n<meta property=\"og:locale\" content=\"fr_FR\" \/>\n<meta property=\"og:type\" content=\"article\" \/>\n<meta property=\"og:title\" content=\"Maak jouw verblijf in Gent onvergetelijk | Verne Dreams\" \/>\n<meta property=\"og:description\" content=\"Verne Dreams is niet zomaar een B&amp;B. Ervaar onze gepersonaliseerde aanpak in onze unieke suites. Allemaal in het prachtige centrum van Gent.\" \/>\n<meta property=\"og:url\" content=\"https:\/\/vernedreams.com\/fr\/experience\/\" \/>\n<meta property=\"og:site_name\" content=\"Verne Dreams\" \/>\n<meta property=\"article:modified_time\" content=\"2024-09-23T12:38:18+00:00\" \/>\n<meta property=\"og:image\" content=\"https:\/\/vernedreams.com\/wp-content\/uploads\/2021\/10\/0005-DSCF2465-Edit-Melvinkobe-Photography.jpg\" \/>\n\t<meta property=\"og:image:width\" content=\"1181\" \/>\n\t<meta property=\"og:image:height\" content=\"1575\" \/>\n\t<meta property=\"og:image:type\" content=\"image\/jpeg\" \/>\n<meta name=\"twitter:card\" content=\"summary_large_image\" \/>\n<meta name=\"twitter:label1\" content=\"Dur\u00e9e de lecture estim\u00e9e\" \/>\n\t<meta name=\"twitter:data1\" content=\"1 minute\" \/>\n<script type=\"application\/ld+json\" class=\"yoast-schema-graph\">{\"@context\":\"https:\/\/schema.org\",\"@graph\":[{\"@type\":\"WebPage\",\"@id\":\"https:\/\/vernedreams.com\/en\/experience\/\",\"url\":\"https:\/\/vernedreams.com\/en\/experience\/\",\"name\":\"Maak jouw verblijf in Gent onvergetelijk | Verne Dreams\",\"isPartOf\":{\"@id\":\"https:\/\/vernedreams.com\/en\/#website\"},\"primaryImageOfPage\":{\"@id\":\"https:\/\/vernedreams.com\/en\/experience\/#primaryimage\"},\"image\":{\"@id\":\"https:\/\/vernedreams.com\/en\/experience\/#primaryimage\"},\"thumbnailUrl\":\"https:\/\/vernedreams.com\/wp-content\/uploads\/2021\/10\/0005-DSCF2465-Edit-Melvinkobe-Photography.jpg\",\"datePublished\":\"2021-10-30T16:21:33+00:00\",\"dateModified\":\"2024-09-23T12:38:18+00:00\",\"description\":\"Verne Dreams is niet zomaar een B&B. Ervaar onze gepersonaliseerde aanpak in onze unieke suites. Allemaal in het prachtige centrum van Gent.\",\"breadcrumb\":{\"@id\":\"https:\/\/vernedreams.com\/en\/experience\/#breadcrumb\"},\"inLanguage\":\"fr-FR\",\"potentialAction\":[{\"@type\":\"ReadAction\",\"target\":[\"https:\/\/vernedreams.com\/en\/experience\/\"]}]},{\"@type\":\"ImageObject\",\"inLanguage\":\"fr-FR\",\"@id\":\"https:\/\/vernedreams.com\/en\/experience\/#primaryimage\",\"url\":\"https:\/\/vernedreams.com\/wp-content\/uploads\/2021\/10\/0005-DSCF2465-Edit-Melvinkobe-Photography.jpg\",\"contentUrl\":\"https:\/\/vernedreams.com\/wp-content\/uploads\/2021\/10\/0005-DSCF2465-Edit-Melvinkobe-Photography.jpg\",\"width\":1181,\"height\":1575},{\"@type\":\"BreadcrumbList\",\"@id\":\"https:\/\/vernedreams.com\/en\/experience\/#breadcrumb\",\"itemListElement\":[{\"@type\":\"ListItem\",\"position\":1,\"name\":\"Home\",\"item\":\"https:\/\/vernedreams.com\/en\/\"},{\"@type\":\"ListItem\",\"position\":2,\"name\":\"Experience\"}]},{\"@type\":\"WebSite\",\"@id\":\"https:\/\/vernedreams.com\/en\/#website\",\"url\":\"https:\/\/vernedreams.com\/en\/\",\"name\":\"Verne Dreams\",\"description\":\"Ervaar Gent als nooit tevoren\",\"publisher\":{\"@id\":\"https:\/\/vernedreams.com\/en\/#organization\"},\"potentialAction\":[{\"@type\":\"SearchAction\",\"target\":{\"@type\":\"EntryPoint\",\"urlTemplate\":\"https:\/\/vernedreams.com\/en\/?s={search_term_string}\"},\"query-input\":{\"@type\":\"PropertyValueSpecification\",\"valueRequired\":true,\"valueName\":\"search_term_string\"}}],\"inLanguage\":\"fr-FR\"},{\"@type\":\"Organization\",\"@id\":\"https:\/\/vernedreams.com\/en\/#organization\",\"name\":\"Verne Dreams\",\"url\":\"https:\/\/vernedreams.com\/en\/\",\"logo\":{\"@type\":\"ImageObject\",\"inLanguage\":\"fr-FR\",\"@id\":\"https:\/\/vernedreams.com\/en\/#\/schema\/logo\/image\/\",\"url\":\"https:\/\/vernedreams.com\/wp-content\/uploads\/2021\/10\/logo.svg\",\"contentUrl\":\"https:\/\/vernedreams.com\/wp-content\/uploads\/2021\/10\/logo.svg\",\"width\":266,\"height\":29,\"caption\":\"Verne Dreams\"},\"image\":{\"@id\":\"https:\/\/vernedreams.com\/en\/#\/schema\/logo\/image\/\"}}]}<\/script>\n<!-- \/ Yoast SEO plugin. -->","yoast_head_json":{"title":"Maak jouw verblijf in Gent onvergetelijk | Verne Dreams","description":"Verne Dreams is niet zomaar een B&B. Ervaar onze gepersonaliseerde aanpak in onze unieke suites. Allemaal in het prachtige centrum van Gent.","robots":{"index":"index","follow":"follow","max-snippet":"max-snippet:-1","max-image-preview":"max-image-preview:large","max-video-preview":"max-video-preview:-1"},"canonical":"https:\/\/vernedreams.com\/fr\/experience\/","og_locale":"fr_FR","og_type":"article","og_title":"Maak jouw verblijf in Gent onvergetelijk | Verne Dreams","og_description":"Verne Dreams is niet zomaar een B&B. Ervaar onze gepersonaliseerde aanpak in onze unieke suites. Allemaal in het prachtige centrum van Gent.","og_url":"https:\/\/vernedreams.com\/fr\/experience\/","og_site_name":"Verne Dreams","article_modified_time":"2024-09-23T12:38:18+00:00","og_image":[{"width":1181,"height":1575,"url":"https:\/\/vernedreams.com\/wp-content\/uploads\/2021\/10\/0005-DSCF2465-Edit-Melvinkobe-Photography.jpg","type":"image\/jpeg"}],"twitter_card":"summary_large_image","twitter_misc":{"Dur\u00e9e de lecture estim\u00e9e":"1 minute"},"schema":{"@context":"https:\/\/schema.org","@graph":[{"@type":"WebPage","@id":"https:\/\/vernedreams.com\/en\/experience\/","url":"https:\/\/vernedreams.com\/en\/experience\/","name":"Maak jouw verblijf in Gent onvergetelijk | Verne Dreams","isPartOf":{"@id":"https:\/\/vernedreams.com\/en\/#website"},"primaryImageOfPage":{"@id":"https:\/\/vernedreams.com\/en\/experience\/#primaryimage"},"image":{"@id":"https:\/\/vernedreams.com\/en\/experience\/#primaryimage"},"thumbnailUrl":"https:\/\/vernedreams.com\/wp-content\/uploads\/2021\/10\/0005-DSCF2465-Edit-Melvinkobe-Photography.jpg","datePublished":"2021-10-30T16:21:33+00:00","dateModified":"2024-09-23T12:38:18+00:00","description":"Verne Dreams is niet zomaar een B&B. Ervaar onze gepersonaliseerde aanpak in onze unieke suites. Allemaal in het prachtige centrum van Gent.","breadcrumb":{"@id":"https:\/\/vernedreams.com\/en\/experience\/#breadcrumb"},"inLanguage":"fr-FR","potentialAction":[{"@type":"ReadAction","target":["https:\/\/vernedreams.com\/en\/experience\/"]}]},{"@type":"ImageObject","inLanguage":"fr-FR","@id":"https:\/\/vernedreams.com\/en\/experience\/#primaryimage","url":"https:\/\/vernedreams.com\/wp-content\/uploads\/2021\/10\/0005-DSCF2465-Edit-Melvinkobe-Photography.jpg","contentUrl":"https:\/\/vernedreams.com\/wp-content\/uploads\/2021\/10\/0005-DSCF2465-Edit-Melvinkobe-Photography.jpg","width":1181,"height":1575},{"@type":"BreadcrumbList","@id":"https:\/\/vernedreams.com\/en\/experience\/#breadcrumb","itemListElement":[{"@type":"ListItem","position":1,"name":"Home","item":"https:\/\/vernedreams.com\/en\/"},{"@type":"ListItem","position":2,"name":"Experience"}]},{"@type":"WebSite","@id":"https:\/\/vernedreams.com\/en\/#website","url":"https:\/\/vernedreams.com\/en\/","name":"Vernes R\u00eaves","description":"Vivez Gand comme jamais auparavant","publisher":{"@id":"https:\/\/vernedreams.com\/en\/#organization"},"potentialAction":[{"@type":"SearchAction","target":{"@type":"EntryPoint","urlTemplate":"https:\/\/vernedreams.com\/en\/?s={search_term_string}"},"query-input":{"@type":"PropertyValueSpecification","valueRequired":true,"valueName":"search_term_string"}}],"inLanguage":"fr-FR"},{"@type":"Organization","@id":"https:\/\/vernedreams.com\/en\/#organization","name":"Vernes R\u00eaves","url":"https:\/\/vernedreams.com\/en\/","logo":{"@type":"ImageObject","inLanguage":"fr-FR","@id":"https:\/\/vernedreams.com\/en\/#\/schema\/logo\/image\/","url":"https:\/\/vernedreams.com\/wp-content\/uploads\/2021\/10\/logo.svg","contentUrl":"https:\/\/vernedreams.com\/wp-content\/uploads\/2021\/10\/logo.svg","width":266,"height":29,"caption":"Verne Dreams"},"image":{"@id":"https:\/\/vernedreams.com\/en\/#\/schema\/logo\/image\/"}}]}},"_links":{"self":[{"href":"https:\/\/vernedreams.com\/fr\/wp-json\/wp\/v2\/pages\/1068","targetHints":{"allow":["GET"]}}],"collection":[{"href":"https:\/\/vernedreams.com\/fr\/wp-json\/wp\/v2\/pages"}],"about":[{"href":"https:\/\/vernedreams.com\/fr\/wp-json\/wp\/v2\/types\/page"}],"author":[{"embeddable":true,"href":"https:\/\/vernedreams.com\/fr\/wp-json\/wp\/v2\/users\/1"}],"replies":[{"embeddable":true,"href":"https:\/\/vernedreams.com\/fr\/wp-json\/wp\/v2\/comments?post=1068"}],"version-history":[{"count":0,"href":"https:\/\/vernedreams.com\/fr\/wp-json\/wp\/v2\/pages\/1068\/revisions"}],"wp:featuredmedia":[{"embeddable":true,"href":"https:\/\/vernedreams.com\/fr\/wp-json\/wp\/v2\/media\/468"}],"wp:attachment":[{"href":"https:\/\/vernedreams.com\/fr\/wp-json\/wp\/v2\/media?parent=1068"}],"curies":[{"name":"wp","href":"https:\/\/api.w.org\/{rel}","templated":true}]}}