{"id":98,"date":"2021-10-28T14:40:45","date_gmt":"2021-10-28T14:40:45","guid":{"rendered":"https:\/\/vernedreams.com\/?page_id=98"},"modified":"2024-07-03T10:43:43","modified_gmt":"2024-07-03T09:43:43","slug":"unieke-suites-in-gent","status":"publish","type":"page","link":"https:\/\/vernedreams.com\/fr\/unieke-suites-in-gent\/","title":{"rendered":"Suites"},"content":{"rendered":"<div data-elementor-type=\"wp-page\" data-elementor-id=\"98\" class=\"elementor elementor-98\" data-elementor-post-type=\"page\">\n\t\t\t\t\t\t<section class=\"elementor-section elementor-top-section elementor-element elementor-element-abaa6a4 elementor-section-full_width elementor-section-height-min-height elementor-section-height-default elementor-section-items-middle\" data-id=\"abaa6a4\" data-element_type=\"section\" data-settings=\"{&quot;background_background&quot;:&quot;classic&quot;}\">\n\t\t\t\t\t\t<div class=\"elementor-container elementor-column-gap-default\">\n\t\t\t\t\t<div class=\"elementor-column elementor-col-100 elementor-top-column elementor-element elementor-element-3950a50 elementor-invisible\" data-id=\"3950a50\" data-element_type=\"column\" data-settings=\"{&quot;animation&quot;:&quot;fadeIn&quot;}\">\n\t\t\t<div class=\"elementor-widget-wrap elementor-element-populated\">\n\t\t\t\t\t\t<div class=\"elementor-element elementor-element-0e3a762 elementor-widget elementor-widget-heading\" data-id=\"0e3a762\" data-element_type=\"widget\" data-widget_type=\"heading.default\">\n\t\t\t\t<div class=\"elementor-widget-container\">\n\t\t\t\t\t<h2 class=\"elementor-heading-title elementor-size-default\">Nos suites<\/h2>\t\t\t\t<\/div>\n\t\t\t\t<\/div>\n\t\t\t\t<div class=\"elementor-element elementor-element-8fdea32 elementor-widget elementor-widget-text-editor\" data-id=\"8fdea32\" data-element_type=\"widget\" data-widget_type=\"text-editor.default\">\n\t\t\t\t<div class=\"elementor-widget-container\">\n\t\t\t\t\t\t\t\t\t<p>Exp\u00e9riences mondaines avec une touche apaisante\u00a0<\/p>\t\t\t\t\t\t\t\t<\/div>\n\t\t\t\t<\/div>\n\t\t\t\t\t<\/div>\n\t\t<\/div>\n\t\t\t\t\t<\/div>\n\t\t<\/section>\n\t\t\t\t<section class=\"elementor-section elementor-top-section elementor-element elementor-element-fd8f245 elementor-section-boxed elementor-section-height-default elementor-section-height-default\" data-id=\"fd8f245\" data-element_type=\"section\">\n\t\t\t\t\t\t<div class=\"elementor-container elementor-column-gap-extended\">\n\t\t\t\t\t<div class=\"elementor-column elementor-col-33 elementor-top-column elementor-element elementor-element-ad9d4e3 elementor-invisible\" data-id=\"ad9d4e3\" data-element_type=\"column\" data-settings=\"{&quot;animation&quot;:&quot;fadeInUp&quot;}\">\n\t\t\t<div class=\"elementor-widget-wrap elementor-element-populated\">\n\t\t\t\t\t\t<div class=\"elementor-element elementor-element-63756ae elementor-widget elementor-widget-image\" data-id=\"63756ae\" data-element_type=\"widget\" data-widget_type=\"image.default\">\n\t\t\t\t<div class=\"elementor-widget-container\">\n\t\t\t\t\t\t\t\t\t\t\t\t\t\t\t\t<a href=\"https:\/\/vernedreams.com\/fr\/shanghai\/\">\n\t\t\t\t\t\t\t<img decoding=\"async\" src=\"https:\/\/vernedreams.com\/wp-content\/uploads\/elementor\/thumbs\/0007-DSCF3339-Edit-Melvinkobe-Photography-q0zpxcvl25r749ncixry0460b57u90pd4edb6yzibk.jpg\" title=\"0007-DSCF3339-Modifier-Melvinkobe-Photographie\" alt=\"0007-DSCF3339-Edit-Melvinkobe-Photography\" loading=\"lazy\" \/>\t\t\t\t\t\t\t\t<\/a>\n\t\t\t\t\t\t\t\t\t\t\t\t\t\t\t<\/div>\n\t\t\t\t<\/div>\n\t\t\t\t<div class=\"elementor-element elementor-element-a812257 elementor-widget elementor-widget-heading\" data-id=\"a812257\" data-element_type=\"widget\" data-widget_type=\"heading.default\">\n\t\t\t\t<div class=\"elementor-widget-container\">\n\t\t\t\t\t<h4 class=\"elementor-heading-title elementor-size-default\"><a href=\"https:\/\/vernedreams.com\/fr\/shanghai\/\">shanghai<\/a><\/h4>\t\t\t\t<\/div>\n\t\t\t\t<\/div>\n\t\t\t\t<div class=\"elementor-element elementor-element-357179f elementor-widget elementor-widget-text-editor\" data-id=\"357179f\" data-element_type=\"widget\" data-widget_type=\"text-editor.default\">\n\t\t\t\t<div class=\"elementor-widget-container\">\n\t\t\t\t\t\t\t\t\t<p>&quot;Apprenez \u00e0 profiter du chemin autant que vous le feriez lorsque vous arriverez \u00e0 destination.&quot; \u2013 Sakshi Chetana.<\/p>\t\t\t\t\t\t\t\t<\/div>\n\t\t\t\t<\/div>\n\t\t\t\t\t<\/div>\n\t\t<\/div>\n\t\t\t\t<div class=\"elementor-column elementor-col-33 elementor-top-column elementor-element elementor-element-67c3e5c elementor-invisible\" data-id=\"67c3e5c\" data-element_type=\"column\" data-settings=\"{&quot;animation&quot;:&quot;fadeInUp&quot;}\">\n\t\t\t<div class=\"elementor-widget-wrap elementor-element-populated\">\n\t\t\t\t\t\t<div class=\"elementor-element elementor-element-857aae0 elementor-widget elementor-widget-image\" data-id=\"857aae0\" data-element_type=\"widget\" data-widget_type=\"image.default\">\n\t\t\t\t<div class=\"elementor-widget-container\">\n\t\t\t\t\t\t\t\t\t\t\t\t\t\t\t\t<a href=\"https:\/\/vernedreams.com\/fr\/oxford\/\">\n\t\t\t\t\t\t\t<img decoding=\"async\" src=\"https:\/\/vernedreams.com\/wp-content\/uploads\/elementor\/thumbs\/0001-DSCF7841-Edit-Melvinkobe-Photography-q0zpxcvl25r749ncixry0460b57u90pd4edb6yzibk.jpg\" title=\"0001-DSCF7841-Modifier-Melvinkobe-Photographie\" alt=\"0001-DSCF7841-Edit-Melvinkobe-Photography\" loading=\"lazy\" \/>\t\t\t\t\t\t\t\t<\/a>\n\t\t\t\t\t\t\t\t\t\t\t\t\t\t\t<\/div>\n\t\t\t\t<\/div>\n\t\t\t\t<div class=\"elementor-element elementor-element-63caf1f elementor-widget elementor-widget-heading\" data-id=\"63caf1f\" data-element_type=\"widget\" data-widget_type=\"heading.default\">\n\t\t\t\t<div class=\"elementor-widget-container\">\n\t\t\t\t\t<h4 class=\"elementor-heading-title elementor-size-default\"><a href=\"https:\/\/vernedreams.com\/fr\/oxford\/\">Oxford<\/a><\/h4>\t\t\t\t<\/div>\n\t\t\t\t<\/div>\n\t\t\t\t<div class=\"elementor-element elementor-element-765c052 elementor-widget elementor-widget-text-editor\" data-id=\"765c052\" data-element_type=\"widget\" data-widget_type=\"text-editor.default\">\n\t\t\t\t<div class=\"elementor-widget-container\">\n\t\t\t\t\t\t\t\t\t<p>&quot;Tout ce que vous pouvez imaginer, vous pouvez le rendre r\u00e9el.&quot; - Jules Verne<\/p>\t\t\t\t\t\t\t\t<\/div>\n\t\t\t\t<\/div>\n\t\t\t\t\t<\/div>\n\t\t<\/div>\n\t\t\t\t<div class=\"elementor-column elementor-col-33 elementor-top-column elementor-element elementor-element-d0d4510 elementor-invisible\" data-id=\"d0d4510\" data-element_type=\"column\" data-settings=\"{&quot;animation&quot;:&quot;fadeInUp&quot;}\">\n\t\t\t<div class=\"elementor-widget-wrap elementor-element-populated\">\n\t\t\t\t\t\t<div class=\"elementor-element elementor-element-fd92c37 elementor-widget elementor-widget-image\" data-id=\"fd92c37\" data-element_type=\"widget\" data-widget_type=\"image.default\">\n\t\t\t\t<div class=\"elementor-widget-container\">\n\t\t\t\t\t\t\t\t\t\t\t\t\t\t\t\t<a href=\"https:\/\/vernedreams.com\/fr\/marrakesh\/\">\n\t\t\t\t\t\t\t<img decoding=\"async\" src=\"https:\/\/vernedreams.com\/wp-content\/uploads\/elementor\/thumbs\/0014-DSCF6361-Edit-Melvinkobe-Photography-q0zpxcvl25r749ncixry0460b57u90pd4edb6yzibk.jpg\" title=\"0014-DSCF6361-Edit-Melvinkobe-Photographie\" alt=\"0014-DSCF6361-Edit-Melvinkobe-Photography\" loading=\"lazy\" \/>\t\t\t\t\t\t\t\t<\/a>\n\t\t\t\t\t\t\t\t\t\t\t\t\t\t\t<\/div>\n\t\t\t\t<\/div>\n\t\t\t\t<div class=\"elementor-element elementor-element-f18fe1b elementor-widget elementor-widget-heading\" data-id=\"f18fe1b\" data-element_type=\"widget\" data-widget_type=\"heading.default\">\n\t\t\t\t<div class=\"elementor-widget-container\">\n\t\t\t\t\t<h4 class=\"elementor-heading-title elementor-size-default\"><a href=\"https:\/\/vernedreams.com\/fr\/marrakesh\/\">Marrakech<\/a><\/h4>\t\t\t\t<\/div>\n\t\t\t\t<\/div>\n\t\t\t\t<div class=\"elementor-element elementor-element-094fea0 elementor-widget elementor-widget-text-editor\" data-id=\"094fea0\" data-element_type=\"widget\" data-widget_type=\"text-editor.default\">\n\t\t\t\t<div class=\"elementor-widget-container\">\n\t\t\t\t\t\t\t\t\t<p>&quot;Tout est un \u00e9cho du n\u00e9ant.&quot; -John Cage<\/p>\t\t\t\t\t\t\t\t<\/div>\n\t\t\t\t<\/div>\n\t\t\t\t\t<\/div>\n\t\t<\/div>\n\t\t\t\t\t<\/div>\n\t\t<\/section>\n\t\t\t\t<section class=\"elementor-section elementor-top-section elementor-element elementor-element-51971ca elementor-section-boxed elementor-section-height-default elementor-section-height-default\" data-id=\"51971ca\" data-element_type=\"section\">\n\t\t\t\t\t\t<div class=\"elementor-container elementor-column-gap-extended\">\n\t\t\t\t\t<div class=\"elementor-column elementor-col-33 elementor-top-column elementor-element elementor-element-d7bb2ab elementor-invisible\" data-id=\"d7bb2ab\" data-element_type=\"column\" data-settings=\"{&quot;animation&quot;:&quot;fadeInUp&quot;}\">\n\t\t\t<div class=\"elementor-widget-wrap elementor-element-populated\">\n\t\t\t\t\t\t<div class=\"elementor-element elementor-element-946c20b elementor-widget elementor-widget-image\" data-id=\"946c20b\" data-element_type=\"widget\" data-widget_type=\"image.default\">\n\t\t\t\t<div class=\"elementor-widget-container\">\n\t\t\t\t\t\t\t\t\t\t\t\t\t\t\t\t<a href=\"https:\/\/vernedreams.com\/fr\/berlin\/\">\n\t\t\t\t\t\t\t<img decoding=\"async\" src=\"https:\/\/vernedreams.com\/wp-content\/uploads\/elementor\/thumbs\/0007-DSCF2467-Edit-Melvinkobe-Photography-q0zpxcvl25r749ncixry0460b57u90pd4edb6yzibk.jpg\" title=\"0007-DSCF2467-Modifier-Melvinkobe-Photographie\" alt=\"0007-DSCF2467-Edit-Melvinkobe-Photography\" loading=\"lazy\" \/>\t\t\t\t\t\t\t\t<\/a>\n\t\t\t\t\t\t\t\t\t\t\t\t\t\t\t<\/div>\n\t\t\t\t<\/div>\n\t\t\t\t<div class=\"elementor-element elementor-element-993d251 elementor-widget elementor-widget-heading\" data-id=\"993d251\" data-element_type=\"widget\" data-widget_type=\"heading.default\">\n\t\t\t\t<div class=\"elementor-widget-container\">\n\t\t\t\t\t<h4 class=\"elementor-heading-title elementor-size-default\"><a href=\"https:\/\/vernedreams.com\/fr\/berlin\/\">Berlin<\/a><\/h4>\t\t\t\t<\/div>\n\t\t\t\t<\/div>\n\t\t\t\t<div class=\"elementor-element elementor-element-1c6d6e2 elementor-widget elementor-widget-text-editor\" data-id=\"1c6d6e2\" data-element_type=\"widget\" data-widget_type=\"text-editor.default\">\n\t\t\t\t<div class=\"elementor-widget-container\">\n\t\t\t\t\t\t\t\t\t<p>&quot;L&#039;espace est le souffle de l&#039;art.&quot; \u2013 Frank Lloyd Wright<\/p>\t\t\t\t\t\t\t\t<\/div>\n\t\t\t\t<\/div>\n\t\t\t\t\t<\/div>\n\t\t<\/div>\n\t\t\t\t<div class=\"elementor-column elementor-col-33 elementor-top-column elementor-element elementor-element-b7fbd80 elementor-invisible\" data-id=\"b7fbd80\" data-element_type=\"column\" data-settings=\"{&quot;animation&quot;:&quot;fadeInUp&quot;}\">\n\t\t\t<div class=\"elementor-widget-wrap elementor-element-populated\">\n\t\t\t\t\t\t<div class=\"elementor-element elementor-element-ef3f8e6 elementor-widget elementor-widget-image\" data-id=\"ef3f8e6\" data-element_type=\"widget\" data-widget_type=\"image.default\">\n\t\t\t\t<div class=\"elementor-widget-container\">\n\t\t\t\t\t\t\t\t\t\t\t\t\t\t\t\t<a href=\"https:\/\/vernedreams.com\/fr\/shelter7\/\">\n\t\t\t\t\t\t\t<img decoding=\"async\" src=\"https:\/\/vernedreams.com\/wp-content\/uploads\/elementor\/thumbs\/Shelter7-q27cjz08g2bys4cgdalona7wnfv7k5yrccw4b4ork0.jpg\" title=\"abri7\" alt=\"Shelter7\" loading=\"lazy\" \/>\t\t\t\t\t\t\t\t<\/a>\n\t\t\t\t\t\t\t\t\t\t\t\t\t\t\t<\/div>\n\t\t\t\t<\/div>\n\t\t\t\t<div class=\"elementor-element elementor-element-f50ea9c elementor-widget elementor-widget-heading\" data-id=\"f50ea9c\" data-element_type=\"widget\" data-widget_type=\"heading.default\">\n\t\t\t\t<div class=\"elementor-widget-container\">\n\t\t\t\t\t<h4 class=\"elementor-heading-title elementor-size-default\"><a href=\"https:\/\/vernedreams.com\/fr\/shelter7\/\">abri 7<\/a><\/h4>\t\t\t\t<\/div>\n\t\t\t\t<\/div>\n\t\t\t\t<div class=\"elementor-element elementor-element-ffc963b elementor-widget elementor-widget-text-editor\" data-id=\"ffc963b\" data-element_type=\"widget\" data-widget_type=\"text-editor.default\">\n\t\t\t\t<div class=\"elementor-widget-container\">\n\t\t\t\t\t\t\t\t\t<p>\u00ab \u00c0 un esprit au repos, tout l&#039;univers se rend. \u2013 Lao Tseu\u00a0<\/p>\t\t\t\t\t\t\t\t<\/div>\n\t\t\t\t<\/div>\n\t\t\t\t\t<\/div>\n\t\t<\/div>\n\t\t\t\t<div class=\"elementor-column elementor-col-33 elementor-top-column elementor-element elementor-element-46d5136 elementor-invisible\" data-id=\"46d5136\" data-element_type=\"column\" data-settings=\"{&quot;animation&quot;:&quot;fadeInUp&quot;}\">\n\t\t\t<div class=\"elementor-widget-wrap\">\n\t\t\t\t\t\t\t<\/div>\n\t\t<\/div>\n\t\t\t\t\t<\/div>\n\t\t<\/section>\n\t\t\t\t<\/div>","protected":false},"excerpt":{"rendered":"<p>Nos suites Exp\u00e9riences du monde avec une touche apaisante Shanghai \u00ab Apprenez \u00e0 profiter du chemin autant que vous en profiteriez une fois arriv\u00e9 \u00e0 destination. \u00bb \u2013 Sakshi Chetana. Oxford \u00ab\u00a0Tout ce que vous pouvez imaginer, vous pouvez le concr\u00e9tiser.\u00a0\u00bb \u2013 Jules Verne Marrakech \u00ab Chaque chose est un \u00e9cho du n\u00e9ant. \u00bb \u2013 John Cage Berlin \u00ab L\u2019espace est le [\u2026]<\/p>","protected":false},"author":1,"featured_media":312,"parent":0,"menu_order":0,"comment_status":"closed","ping_status":"closed","template":"elementor_header_footer","meta":{"_acf_changed":false,"footnotes":""},"class_list":["post-98","page","type-page","status-publish","has-post-thumbnail","hentry"],"acf":[],"yoast_head":"<!-- This site is optimized with the Yoast SEO plugin v26.7 - https:\/\/yoast.com\/wordpress\/plugins\/seo\/ -->\n<title>Unieke suites in Gent | Bed &amp; Experience | Boutique hotel Verne Dreams<\/title>\n<meta name=\"description\" content=\"Ontdek onze unieke suites in ons boutique hotel het hart van Gent! Onze suites hebben een uitgesproken karakter in alle moderne luxe.\" \/>\n<meta name=\"robots\" content=\"index, follow, max-snippet:-1, max-image-preview:large, max-video-preview:-1\" \/>\n<link rel=\"canonical\" href=\"https:\/\/vernedreams.com\/fr\/unieke-suites-in-gent\/\" \/>\n<meta property=\"og:locale\" content=\"fr_FR\" \/>\n<meta property=\"og:type\" content=\"article\" \/>\n<meta property=\"og:title\" content=\"Unieke suites in Gent | Bed &amp; Experience | Boutique hotel Verne Dreams\" \/>\n<meta property=\"og:description\" content=\"Ontdek onze unieke suites in ons boutique hotel het hart van Gent! Onze suites hebben een uitgesproken karakter in alle moderne luxe.\" \/>\n<meta property=\"og:url\" content=\"https:\/\/vernedreams.com\/fr\/unieke-suites-in-gent\/\" \/>\n<meta property=\"og:site_name\" content=\"Verne Dreams\" \/>\n<meta property=\"article:modified_time\" content=\"2024-07-03T09:43:43+00:00\" \/>\n<meta property=\"og:image\" content=\"https:\/\/vernedreams.com\/wp-content\/uploads\/2021\/10\/0007-DSCF2467-Edit-Melvinkobe-Photography.jpg\" \/>\n\t<meta property=\"og:image:width\" content=\"1575\" \/>\n\t<meta property=\"og:image:height\" content=\"1181\" \/>\n\t<meta property=\"og:image:type\" content=\"image\/jpeg\" \/>\n<meta name=\"twitter:card\" content=\"summary_large_image\" \/>\n<meta name=\"twitter:label1\" content=\"Dur\u00e9e de lecture estim\u00e9e\" \/>\n\t<meta name=\"twitter:data1\" content=\"2 minutes\" \/>\n<script type=\"application\/ld+json\" class=\"yoast-schema-graph\">{\"@context\":\"https:\/\/schema.org\",\"@graph\":[{\"@type\":\"WebPage\",\"@id\":\"https:\/\/vernedreams.com\/fr\/unieke-suites-in-gent\/\",\"url\":\"https:\/\/vernedreams.com\/fr\/unieke-suites-in-gent\/\",\"name\":\"Unieke suites in Gent | Bed & Experience | Boutique hotel Verne Dreams\",\"isPartOf\":{\"@id\":\"https:\/\/vernedreams.com\/en\/#website\"},\"primaryImageOfPage\":{\"@id\":\"https:\/\/vernedreams.com\/fr\/unieke-suites-in-gent\/#primaryimage\"},\"image\":{\"@id\":\"https:\/\/vernedreams.com\/fr\/unieke-suites-in-gent\/#primaryimage\"},\"thumbnailUrl\":\"https:\/\/vernedreams.com\/wp-content\/uploads\/2021\/10\/0007-DSCF2467-Edit-Melvinkobe-Photography.jpg\",\"datePublished\":\"2021-10-28T14:40:45+00:00\",\"dateModified\":\"2024-07-03T09:43:43+00:00\",\"description\":\"Ontdek onze unieke suites in ons boutique hotel het hart van Gent! Onze suites hebben een uitgesproken karakter in alle moderne luxe.\",\"breadcrumb\":{\"@id\":\"https:\/\/vernedreams.com\/fr\/unieke-suites-in-gent\/#breadcrumb\"},\"inLanguage\":\"fr-FR\",\"potentialAction\":[{\"@type\":\"ReadAction\",\"target\":[\"https:\/\/vernedreams.com\/fr\/unieke-suites-in-gent\/\"]}]},{\"@type\":\"ImageObject\",\"inLanguage\":\"fr-FR\",\"@id\":\"https:\/\/vernedreams.com\/fr\/unieke-suites-in-gent\/#primaryimage\",\"url\":\"https:\/\/vernedreams.com\/wp-content\/uploads\/2021\/10\/0007-DSCF2467-Edit-Melvinkobe-Photography.jpg\",\"contentUrl\":\"https:\/\/vernedreams.com\/wp-content\/uploads\/2021\/10\/0007-DSCF2467-Edit-Melvinkobe-Photography.jpg\",\"width\":1575,\"height\":1181},{\"@type\":\"BreadcrumbList\",\"@id\":\"https:\/\/vernedreams.com\/fr\/unieke-suites-in-gent\/#breadcrumb\",\"itemListElement\":[{\"@type\":\"ListItem\",\"position\":1,\"name\":\"Home\",\"item\":\"https:\/\/vernedreams.com\/en\/\"},{\"@type\":\"ListItem\",\"position\":2,\"name\":\"Suites\"}]},{\"@type\":\"WebSite\",\"@id\":\"https:\/\/vernedreams.com\/en\/#website\",\"url\":\"https:\/\/vernedreams.com\/en\/\",\"name\":\"Verne Dreams\",\"description\":\"Ervaar Gent als nooit tevoren\",\"publisher\":{\"@id\":\"https:\/\/vernedreams.com\/en\/#organization\"},\"potentialAction\":[{\"@type\":\"SearchAction\",\"target\":{\"@type\":\"EntryPoint\",\"urlTemplate\":\"https:\/\/vernedreams.com\/en\/?s={search_term_string}\"},\"query-input\":{\"@type\":\"PropertyValueSpecification\",\"valueRequired\":true,\"valueName\":\"search_term_string\"}}],\"inLanguage\":\"fr-FR\"},{\"@type\":\"Organization\",\"@id\":\"https:\/\/vernedreams.com\/en\/#organization\",\"name\":\"Verne Dreams\",\"url\":\"https:\/\/vernedreams.com\/en\/\",\"logo\":{\"@type\":\"ImageObject\",\"inLanguage\":\"fr-FR\",\"@id\":\"https:\/\/vernedreams.com\/en\/#\/schema\/logo\/image\/\",\"url\":\"https:\/\/vernedreams.com\/wp-content\/uploads\/2021\/10\/logo.svg\",\"contentUrl\":\"https:\/\/vernedreams.com\/wp-content\/uploads\/2021\/10\/logo.svg\",\"width\":266,\"height\":29,\"caption\":\"Verne Dreams\"},\"image\":{\"@id\":\"https:\/\/vernedreams.com\/en\/#\/schema\/logo\/image\/\"}}]}<\/script>\n<!-- \/ Yoast SEO plugin. -->","yoast_head_json":{"title":"Unieke suites in Gent | Bed & Experience | Boutique hotel Verne Dreams","description":"Ontdek onze unieke suites in ons boutique hotel het hart van Gent! Onze suites hebben een uitgesproken karakter in alle moderne luxe.","robots":{"index":"index","follow":"follow","max-snippet":"max-snippet:-1","max-image-preview":"max-image-preview:large","max-video-preview":"max-video-preview:-1"},"canonical":"https:\/\/vernedreams.com\/fr\/unieke-suites-in-gent\/","og_locale":"fr_FR","og_type":"article","og_title":"Unieke suites in Gent | Bed & Experience | Boutique hotel Verne Dreams","og_description":"Ontdek onze unieke suites in ons boutique hotel het hart van Gent! Onze suites hebben een uitgesproken karakter in alle moderne luxe.","og_url":"https:\/\/vernedreams.com\/fr\/unieke-suites-in-gent\/","og_site_name":"Verne Dreams","article_modified_time":"2024-07-03T09:43:43+00:00","og_image":[{"width":1575,"height":1181,"url":"https:\/\/vernedreams.com\/wp-content\/uploads\/2021\/10\/0007-DSCF2467-Edit-Melvinkobe-Photography.jpg","type":"image\/jpeg"}],"twitter_card":"summary_large_image","twitter_misc":{"Dur\u00e9e de lecture estim\u00e9e":"2 minutes"},"schema":{"@context":"https:\/\/schema.org","@graph":[{"@type":"WebPage","@id":"https:\/\/vernedreams.com\/fr\/unieke-suites-in-gent\/","url":"https:\/\/vernedreams.com\/fr\/unieke-suites-in-gent\/","name":"Unieke suites in Gent | Bed & Experience | Boutique hotel Verne Dreams","isPartOf":{"@id":"https:\/\/vernedreams.com\/en\/#website"},"primaryImageOfPage":{"@id":"https:\/\/vernedreams.com\/fr\/unieke-suites-in-gent\/#primaryimage"},"image":{"@id":"https:\/\/vernedreams.com\/fr\/unieke-suites-in-gent\/#primaryimage"},"thumbnailUrl":"https:\/\/vernedreams.com\/wp-content\/uploads\/2021\/10\/0007-DSCF2467-Edit-Melvinkobe-Photography.jpg","datePublished":"2021-10-28T14:40:45+00:00","dateModified":"2024-07-03T09:43:43+00:00","description":"Ontdek onze unieke suites in ons boutique hotel het hart van Gent! Onze suites hebben een uitgesproken karakter in alle moderne luxe.","breadcrumb":{"@id":"https:\/\/vernedreams.com\/fr\/unieke-suites-in-gent\/#breadcrumb"},"inLanguage":"fr-FR","potentialAction":[{"@type":"ReadAction","target":["https:\/\/vernedreams.com\/fr\/unieke-suites-in-gent\/"]}]},{"@type":"ImageObject","inLanguage":"fr-FR","@id":"https:\/\/vernedreams.com\/fr\/unieke-suites-in-gent\/#primaryimage","url":"https:\/\/vernedreams.com\/wp-content\/uploads\/2021\/10\/0007-DSCF2467-Edit-Melvinkobe-Photography.jpg","contentUrl":"https:\/\/vernedreams.com\/wp-content\/uploads\/2021\/10\/0007-DSCF2467-Edit-Melvinkobe-Photography.jpg","width":1575,"height":1181},{"@type":"BreadcrumbList","@id":"https:\/\/vernedreams.com\/fr\/unieke-suites-in-gent\/#breadcrumb","itemListElement":[{"@type":"ListItem","position":1,"name":"Home","item":"https:\/\/vernedreams.com\/en\/"},{"@type":"ListItem","position":2,"name":"Suites"}]},{"@type":"WebSite","@id":"https:\/\/vernedreams.com\/en\/#website","url":"https:\/\/vernedreams.com\/en\/","name":"Vernes R\u00eaves","description":"Vivez Gand comme jamais auparavant","publisher":{"@id":"https:\/\/vernedreams.com\/en\/#organization"},"potentialAction":[{"@type":"SearchAction","target":{"@type":"EntryPoint","urlTemplate":"https:\/\/vernedreams.com\/en\/?s={search_term_string}"},"query-input":{"@type":"PropertyValueSpecification","valueRequired":true,"valueName":"search_term_string"}}],"inLanguage":"fr-FR"},{"@type":"Organization","@id":"https:\/\/vernedreams.com\/en\/#organization","name":"Vernes R\u00eaves","url":"https:\/\/vernedreams.com\/en\/","logo":{"@type":"ImageObject","inLanguage":"fr-FR","@id":"https:\/\/vernedreams.com\/en\/#\/schema\/logo\/image\/","url":"https:\/\/vernedreams.com\/wp-content\/uploads\/2021\/10\/logo.svg","contentUrl":"https:\/\/vernedreams.com\/wp-content\/uploads\/2021\/10\/logo.svg","width":266,"height":29,"caption":"Verne Dreams"},"image":{"@id":"https:\/\/vernedreams.com\/en\/#\/schema\/logo\/image\/"}}]}},"_links":{"self":[{"href":"https:\/\/vernedreams.com\/fr\/wp-json\/wp\/v2\/pages\/98","targetHints":{"allow":["GET"]}}],"collection":[{"href":"https:\/\/vernedreams.com\/fr\/wp-json\/wp\/v2\/pages"}],"about":[{"href":"https:\/\/vernedreams.com\/fr\/wp-json\/wp\/v2\/types\/page"}],"author":[{"embeddable":true,"href":"https:\/\/vernedreams.com\/fr\/wp-json\/wp\/v2\/users\/1"}],"replies":[{"embeddable":true,"href":"https:\/\/vernedreams.com\/fr\/wp-json\/wp\/v2\/comments?post=98"}],"version-history":[{"count":0,"href":"https:\/\/vernedreams.com\/fr\/wp-json\/wp\/v2\/pages\/98\/revisions"}],"wp:featuredmedia":[{"embeddable":true,"href":"https:\/\/vernedreams.com\/fr\/wp-json\/wp\/v2\/media\/312"}],"wp:attachment":[{"href":"https:\/\/vernedreams.com\/fr\/wp-json\/wp\/v2\/media?parent=98"}],"curies":[{"name":"wp","href":"https:\/\/api.w.org\/{rel}","templated":true}]}}